{"id":273,"date":"2024-08-22T19:29:49","date_gmt":"2024-08-22T19:29:49","guid":{"rendered":"https:\/\/sycomp.com\/?page_id=273"},"modified":"2025-05-19T09:33:07","modified_gmt":"2025-05-19T16:33:07","slug":"suporte-ao-cliente","status":"publish","type":"page","link":"https:\/\/sycomp.com\/pt\/suporte-ao-cliente\/","title":{"rendered":"Suporte ao cliente"},"content":{"rendered":"<div id=\"cs-content\" class=\"cs-content\"><div class=\"x-section e273-e1-v0 m7l-0 m7l-1\" style=\"--tco-dc7l-0:url(https:\/\/sycomp.com\/wp-content\/uploads\/2024\/11\/support.jpg);--tco-dc7l-1:50%;--tco-dc7l-2:50%;\"><div class=\"x-bg\" aria-hidden=\"true\"><div class=\"x-bg-layer-lower-image\"><\/div><div class=\"x-bg-layer-upper-color\"><\/div><\/div><div class=\"x-row x-container max width e273-e1-v1 m7l-3 m7l-4 m7l-6 m7l-7\"><div class=\"x-row-inner\"><div class=\"x-col e273-e1-v2 m7l-9 m7l-a\"><div class=\"x-text x-text-headline e273-e1-v3 m7l-c m7l-d\"><div class=\"x-text-content\"><div class=\"x-text-content-text\"><h1 class=\"x-text-content-text-primary\">Suporte ao cliente<\/h1>\n<\/div><\/div><\/div><\/div><\/div><\/div><\/div><div class=\"x-section e273-e2 m7l-0 m7l-2\"><div class=\"x-row x-container max width e273-e3 m7l-3 m7l-5 m7l-6 m7l-8\"><div class=\"x-row-inner\"><div class=\"x-col e273-e4 m7l-a m7l-b\"><div class=\"x-text x-text-headline e273-e5 m7l-d m7l-e\"><div class=\"x-text-content\"><div class=\"x-text-content-text\"><h4 class=\"x-text-content-text-primary\">Clientes com acesso existente ao portal de suporte ao cliente do Sycomp.<\/h4>\n<\/div><\/div><\/div><a class=\"x-anchor x-anchor-button e273-e6 m7l-f cta-button\" tabindex=\"0\" href=\"https:\/\/sycomp.my.site.com\/s\/login\/?ec=302&amp;startURL=%2Fs%2F\" target=\"_blank\" rel=\"noopener noreferrer\"><div class=\"x-anchor-content\"><div class=\"x-anchor-text\"><span class=\"x-anchor-text-primary\">Acesse o portal de suporte do Sycomp<\/span><\/div><\/div><\/a><\/div><div class=\"x-col e273-e7 m7l-a m7l-b\"><div class=\"x-text x-text-headline e273-e8 m7l-d m7l-e\"><div class=\"x-text-content\"><div class=\"x-text-content-text\"><h4 class=\"x-text-content-text-primary\">Para clientes da plataforma de armazenamento inteligente de dados Sycomp<\/h4>\n<\/div><\/div><\/div><a class=\"x-anchor x-anchor-button e273-e9 m7l-f cta-button\" tabindex=\"0\" href=\"https:\/\/sycomp.my.salesforce-sites.com\/CloudStorageAccessRequest\" target=\"_blank\" rel=\"noopener noreferrer\"><div class=\"x-anchor-content\"><div class=\"x-anchor-text\"><span class=\"x-anchor-text-primary\">Clientes de armazenamento Sycomp Solicitam acesso<\/span><\/div><\/div><\/a><\/div><\/div><\/div><\/div><\/div>","protected":false},"excerpt":{"rendered":"<p>Acesse o Portal de suporte do Sycomp Clientes de armazenamento Sycomp Solicitar acesso<\/p>","protected":false},"author":1,"featured_media":0,"parent":0,"menu_order":11,"comment_status":"closed","ping_status":"closed","template":"template-blank-4.php","meta":{"_acf_changed":false,"content-type":"","footnotes":""},"class_list":["post-273","page","type-page","status-publish","hentry","no-post-thumbnail"],"acf":[],"yoast_head":"<!-- This site is optimized with the Yoast SEO Premium plugin v26.8 (Yoast SEO v26.8) - https:\/\/yoast.com\/product\/yoast-seo-premium-wordpress\/ -->\n<title>Sycomp Customer Support | Assistance &amp; Solutions<\/title>\n<meta name=\"description\" content=\"Get expert assistance with Sycomp\u2019s customer support for troubleshooting, service inquiries, and more.\" \/>\n<meta name=\"robots\" content=\"index, follow, max-snippet:-1, max-image-preview:large, max-video-preview:-1\" \/>\n<link rel=\"canonical\" href=\"https:\/\/sycomp.com\/pt\/suporte-ao-cliente\/\" \/>\n<meta property=\"og:locale\" content=\"pt_BR\" \/>\n<meta property=\"og:type\" content=\"article\" \/>\n<meta property=\"og:title\" content=\"Customer Support\" \/>\n<meta property=\"og:description\" content=\"Get expert assistance with Sycomp\u2019s customer support for troubleshooting, service inquiries, and more.\" \/>\n<meta property=\"og:url\" content=\"https:\/\/sycomp.com\/pt\/suporte-ao-cliente\/\" \/>\n<meta property=\"og:site_name\" content=\"Sycomp Inc\" \/>\n<meta property=\"article:modified_time\" content=\"2025-05-19T16:33:07+00:00\" \/>\n<meta name=\"twitter:card\" content=\"summary_large_image\" \/>\n<meta name=\"twitter:label1\" content=\"Est. reading time\" \/>\n\t<meta name=\"twitter:data1\" content=\"1 minuto\" \/>\n<script type=\"application\/ld+json\" class=\"yoast-schema-graph\">{\"@context\":\"https:\/\/schema.org\",\"@graph\":[{\"@type\":\"WebPage\",\"@id\":\"https:\/\/sycomp.com\/customer-support\/\",\"url\":\"https:\/\/sycomp.com\/customer-support\/\",\"name\":\"Sycomp Customer Support | Assistance & Solutions\",\"isPartOf\":{\"@id\":\"https:\/\/sycomp.com\/#website\"},\"datePublished\":\"2024-08-22T19:29:49+00:00\",\"dateModified\":\"2025-05-19T16:33:07+00:00\",\"description\":\"Get expert assistance with Sycomp\u2019s customer support for troubleshooting, service inquiries, and more.\",\"breadcrumb\":{\"@id\":\"https:\/\/sycomp.com\/customer-support\/#breadcrumb\"},\"inLanguage\":\"pt-BR\",\"potentialAction\":[{\"@type\":\"ReadAction\",\"target\":[\"https:\/\/sycomp.com\/customer-support\/\"]}]},{\"@type\":\"BreadcrumbList\",\"@id\":\"https:\/\/sycomp.com\/customer-support\/#breadcrumb\",\"itemListElement\":[{\"@type\":\"ListItem\",\"position\":1,\"name\":\"Home\",\"item\":\"https:\/\/sycomp.com\/\"},{\"@type\":\"ListItem\",\"position\":2,\"name\":\"Customer Support\"}]},{\"@type\":\"WebSite\",\"@id\":\"https:\/\/sycomp.com\/#website\",\"url\":\"https:\/\/sycomp.com\/\",\"name\":\"Sycomp Inc\",\"description\":\"\",\"potentialAction\":[{\"@type\":\"SearchAction\",\"target\":{\"@type\":\"EntryPoint\",\"urlTemplate\":\"https:\/\/sycomp.com\/?s={search_term_string}\"},\"query-input\":{\"@type\":\"PropertyValueSpecification\",\"valueRequired\":true,\"valueName\":\"search_term_string\"}}],\"inLanguage\":\"pt-BR\"}]}<\/script>\n<!-- \/ Yoast SEO Premium plugin. -->","yoast_head_json":{"title":"Suporte ao cliente Sycomp | Assist\u00eancia e solu\u00e7\u00f5es","description":"Obtenha assist\u00eancia especializada com o suporte ao cliente do Sycomp para solu\u00e7\u00e3o de problemas, consultas de servi\u00e7o e muito mais.","robots":{"index":"index","follow":"follow","max-snippet":"max-snippet:-1","max-image-preview":"max-image-preview:large","max-video-preview":"max-video-preview:-1"},"canonical":"https:\/\/sycomp.com\/pt\/suporte-ao-cliente\/","og_locale":"pt_BR","og_type":"article","og_title":"Customer Support","og_description":"Get expert assistance with Sycomp\u2019s customer support for troubleshooting, service inquiries, and more.","og_url":"https:\/\/sycomp.com\/pt\/suporte-ao-cliente\/","og_site_name":"Sycomp Inc","article_modified_time":"2025-05-19T16:33:07+00:00","twitter_card":"summary_large_image","twitter_misc":{"Est. reading time":"1 minuto"},"schema":{"@context":"https:\/\/schema.org","@graph":[{"@type":"WebPage","@id":"https:\/\/sycomp.com\/customer-support\/","url":"https:\/\/sycomp.com\/customer-support\/","name":"Suporte ao cliente Sycomp | Assist\u00eancia e solu\u00e7\u00f5es","isPartOf":{"@id":"https:\/\/sycomp.com\/#website"},"datePublished":"2024-08-22T19:29:49+00:00","dateModified":"2025-05-19T16:33:07+00:00","description":"Obtenha assist\u00eancia especializada com o suporte ao cliente do Sycomp para solu\u00e7\u00e3o de problemas, consultas de servi\u00e7o e muito mais.","breadcrumb":{"@id":"https:\/\/sycomp.com\/customer-support\/#breadcrumb"},"inLanguage":"pt-BR","potentialAction":[{"@type":"ReadAction","target":["https:\/\/sycomp.com\/customer-support\/"]}]},{"@type":"BreadcrumbList","@id":"https:\/\/sycomp.com\/customer-support\/#breadcrumb","itemListElement":[{"@type":"ListItem","position":1,"name":"Home","item":"https:\/\/sycomp.com\/"},{"@type":"ListItem","position":2,"name":"Customer Support"}]},{"@type":"WebSite","@id":"https:\/\/sycomp.com\/#website","url":"https:\/\/sycomp.com\/","name":"Sycomp Inc","description":"","potentialAction":[{"@type":"SearchAction","target":{"@type":"EntryPoint","urlTemplate":"https:\/\/sycomp.com\/?s={search_term_string}"},"query-input":{"@type":"PropertyValueSpecification","valueRequired":true,"valueName":"search_term_string"}}],"inLanguage":"pt-BR"}]}},"_links":{"self":[{"href":"https:\/\/sycomp.com\/pt\/wp-json\/wp\/v2\/pages\/273","targetHints":{"allow":["GET"]}}],"collection":[{"href":"https:\/\/sycomp.com\/pt\/wp-json\/wp\/v2\/pages"}],"about":[{"href":"https:\/\/sycomp.com\/pt\/wp-json\/wp\/v2\/types\/page"}],"author":[{"embeddable":true,"href":"https:\/\/sycomp.com\/pt\/wp-json\/wp\/v2\/users\/1"}],"replies":[{"embeddable":true,"href":"https:\/\/sycomp.com\/pt\/wp-json\/wp\/v2\/comments?post=273"}],"version-history":[{"count":0,"href":"https:\/\/sycomp.com\/pt\/wp-json\/wp\/v2\/pages\/273\/revisions"}],"wp:attachment":[{"href":"https:\/\/sycomp.com\/pt\/wp-json\/wp\/v2\/media?parent=273"}],"curies":[{"name":"wp","href":"https:\/\/api.w.org\/{rel}","templated":true}]}}