{"id":251,"date":"2024-08-22T18:37:15","date_gmt":"2024-08-22T18:37:15","guid":{"rendered":"https:\/\/sycomp.com\/?page_id=251"},"modified":"2024-11-25T06:41:01","modified_gmt":"2024-11-25T14:41:01","slug":"setores","status":"publish","type":"page","link":"https:\/\/sycomp.com\/pt\/setores\/","title":{"rendered":"Setores"},"content":{"rendered":"<div id=\"cs-content\" class=\"cs-content\"><div class=\"x-section e251-e1-v0 m6z-0 m6z-1\" style=\"--tco-dc6z-0:url(https:\/\/sycomp.com\/wp-content\/uploads\/2024\/11\/Sycomp-banners-round-5-DkBlue.jpg);--tco-dc6z-1:50%;--tco-dc6z-2:50%;\"><div class=\"x-bg\" aria-hidden=\"true\"><div class=\"x-bg-layer-lower-image\"><\/div><div class=\"x-bg-layer-upper-color\"><\/div><\/div><div class=\"x-row x-container max width e251-e1-v1 m6z-d m6z-e m6z-f m6z-g m6z-h m6z-l m6z-m\"><div class=\"x-row-inner\"><div class=\"x-col e251-e1-v2 m6z-s m6z-t m6z-u m6z-v\"><div class=\"x-text x-text-headline e251-e1-v3 m6z-y m6z-z m6z-10\"><div class=\"x-text-content\"><div class=\"x-text-content-text\"><h1 class=\"x-text-content-text-primary\">Setores<\/h1>\n<\/div><\/div><\/div><\/div><\/div><\/div><\/div><div class=\"x-section e251-e2 m6z-0 m6z-2 m6z-3\"><div class=\"x-row x-container max width e251-e3 m6z-d m6z-e m6z-i m6z-j m6z-n m6z-o\"><div class=\"x-row-inner\"><div class=\"x-col e251-e4 m6z-s m6z-u m6z-v m6z-w\"><div class=\"x-text x-text-headline e251-e5 m6z-z m6z-11 m6z-12 m6z-13 dual-weight-headline\"><div class=\"x-text-content\"><div class=\"x-text-content-text\"><h2 class=\"x-text-content-text-primary translation-block\">Capacita\u00e7\u00e3o de l\u00edderes do setor <span>com solu\u00e7\u00f5es tecnol\u00f3gicas para o cen\u00e1rio global<\/span><\/h2>\n<\/div><\/div><\/div><div class=\"x-text x-content e251-e6 m6z-16 translation-block\">Nos neg\u00f3cios globais, a tecnologia significa o mundo - para sua organiza\u00e7\u00e3o, seus funcion\u00e1rios, seus clientes, seu sucesso. &lt;A Sycomp trabalha com parceiros de primeira linha para fornecer solu\u00e7\u00f5es tecnol\u00f3gicas perfeitas e projetos multinacionais de TI que enfrentam todos os desafios para organiza\u00e7\u00f5es l\u00edderes do setor em todo o mundo. Com uma infraestrutura global de equipes em rede e locais estrat\u00e9gicos, nossos especialistas simplificam o complexo e permitem que sua equipe se concentre no neg\u00f3cio principal.<\/div><\/div><\/div><\/div><\/div><div class=\"x-section e251-e7 m6z-0 m6z-3 m6z-4 m6z-5\"><div class=\"x-row x-container max width e251-e8 m6z-d m6z-e m6z-f m6z-h m6z-j m6z-l m6z-p\"><div class=\"x-row-inner\"><div class=\"x-col e251-e9 m6z-u m6z-v\"><div class=\"x-text x-text-headline e251-e10 m6z-z m6z-11 m6z-12 m6z-14 dual-weight-headline\"><div class=\"x-text-content\"><div class=\"x-text-content-text\"><h2 class=\"x-text-content-text-primary\">Setores<\/h2>\n<\/div><\/div><\/div><\/div><\/div><\/div><\/div><div class=\"x-section e251-e11-v0 m6z-0 m6z-3 m6z-5 m6z-6 m6z-b\"><div class=\"x-row x-container max width e251-e11-v1 m6z-d m6z-f m6z-g m6z-k m6z-q\"><div class=\"x-row-inner\"><a class=\"x-col e251-e11-v2 m6z-u m6z-x m6z-8 m6z-9\" href=\"https:\/\/sycomp.com\/pt\/setor\/tecnologia\/\" data-x-effect=\"{&quot;durationBase&quot;:&quot;300ms&quot;}\"><span class=\"x-image e251-e11-v3 m6z-17 m6z-18\"><img decoding=\"async\" src=\"https:\/\/sycomp.com\/wp-content\/uploads\/2024\/08\/1-2.jpg\" width=\"600\" height=\"341\" alt=\"Imagem\" loading=\"lazy\"><\/span><hr class=\"x-line e251-e11-v4 m6z-1a m6z-8 m6z-a\" data-x-effect=\"{&quot;durationBase&quot;:&quot;300ms&quot;}\"\/><div class=\"x-text x-text-headline e251-e11-v5 m6z-z m6z-10 m6z-11 m6z-15\"><div class=\"x-text-content\"><div class=\"x-text-content-text\"><h4 class=\"x-text-content-text-primary\">Tecnologia<\/h4>\n<\/div><\/div><\/div><\/a><a class=\"x-col e251-e11-v2 m6z-u m6z-x m6z-8 m6z-9\" href=\"https:\/\/sycomp.com\/pt\/setor\/saude-ciencias-da-vida\/\" data-x-effect=\"{&quot;durationBase&quot;:&quot;300ms&quot;}\"><span class=\"x-image e251-e11-v3 m6z-17 m6z-18\"><img decoding=\"async\" src=\"https:\/\/sycomp.com\/wp-content\/uploads\/2024\/08\/2-2.jpg\" width=\"600\" height=\"341\" alt=\"Imagem\" loading=\"lazy\"><\/span><hr class=\"x-line e251-e11-v4 m6z-1a m6z-8 m6z-a\" data-x-effect=\"{&quot;durationBase&quot;:&quot;300ms&quot;}\"\/><div class=\"x-text x-text-headline e251-e11-v5 m6z-z m6z-10 m6z-11 m6z-15\"><div class=\"x-text-content\"><div class=\"x-text-content-text\"><h4 class=\"x-text-content-text-primary\">Sa\u00fade e Ci\u00eancias da Vida<\/h4>\n<\/div><\/div><\/div><\/a><a class=\"x-col e251-e11-v2 m6z-u m6z-x m6z-8 m6z-9\" href=\"https:\/\/sycomp.com\/pt\/setor\/servicos-financeiros\/\" data-x-effect=\"{&quot;durationBase&quot;:&quot;300ms&quot;}\"><span class=\"x-image e251-e11-v3 m6z-17 m6z-18\"><img decoding=\"async\" src=\"https:\/\/sycomp.com\/wp-content\/uploads\/2024\/08\/6.jpg\" width=\"600\" height=\"341\" alt=\"Imagem\" loading=\"lazy\"><\/span><hr class=\"x-line e251-e11-v4 m6z-1a m6z-8 m6z-a\" data-x-effect=\"{&quot;durationBase&quot;:&quot;300ms&quot;}\"\/><div class=\"x-text x-text-headline e251-e11-v5 m6z-z m6z-10 m6z-11 m6z-15\"><div class=\"x-text-content\"><div class=\"x-text-content-text\"><h4 class=\"x-text-content-text-primary\">Servi\u00e7os financeiros<\/h4>\n<\/div><\/div><\/div><\/a><a class=\"x-col e251-e11-v2 m6z-u m6z-x m6z-8 m6z-9\" href=\"https:\/\/sycomp.com\/pt\/setor\/fabricacao\/\" data-x-effect=\"{&quot;durationBase&quot;:&quot;300ms&quot;}\"><span class=\"x-image e251-e11-v3 m6z-17 m6z-18\"><img decoding=\"async\" src=\"https:\/\/sycomp.com\/wp-content\/uploads\/2024\/08\/manufacturing.jpg\" width=\"600\" height=\"341\" alt=\"Imagem\" loading=\"lazy\"><\/span><hr class=\"x-line e251-e11-v4 m6z-1a m6z-8 m6z-a\" data-x-effect=\"{&quot;durationBase&quot;:&quot;300ms&quot;}\"\/><div class=\"x-text x-text-headline e251-e11-v5 m6z-z m6z-10 m6z-11 m6z-15\"><div class=\"x-text-content\"><div class=\"x-text-content-text\"><h4 class=\"x-text-content-text-primary\">Fabrica\u00e7\u00e3o<\/h4>\n<\/div><\/div><\/div><\/a><a class=\"x-col e251-e11-v2 m6z-u m6z-x m6z-8 m6z-9\" href=\"https:\/\/sycomp.com\/pt\/setor\/servicos-publicos-de-energia\/\" data-x-effect=\"{&quot;durationBase&quot;:&quot;300ms&quot;}\"><span class=\"x-image e251-e11-v3 m6z-17 m6z-18\"><img decoding=\"async\" src=\"https:\/\/sycomp.com\/wp-content\/uploads\/2024\/08\/7.jpg\" width=\"600\" height=\"341\" alt=\"Imagem\" loading=\"lazy\"><\/span><hr class=\"x-line e251-e11-v4 m6z-1a m6z-8 m6z-a\" data-x-effect=\"{&quot;durationBase&quot;:&quot;300ms&quot;}\"\/><div class=\"x-text x-text-headline e251-e11-v5 m6z-z m6z-10 m6z-11 m6z-15\"><div class=\"x-text-content\"><div class=\"x-text-content-text\"><h4 class=\"x-text-content-text-primary\">Energia e servi\u00e7os p\u00fablicos<\/h4>\n<\/div><\/div><\/div><\/a><a class=\"x-col e251-e11-v2 m6z-u m6z-x m6z-8 m6z-9\" href=\"https:\/\/sycomp.com\/pt\/setor\/varejo\/\" data-x-effect=\"{&quot;durationBase&quot;:&quot;300ms&quot;}\"><span class=\"x-image e251-e11-v3 m6z-17 m6z-18\"><img decoding=\"async\" src=\"https:\/\/sycomp.com\/wp-content\/uploads\/2025\/03\/retail2.jpg\" width=\"600\" height=\"341\" alt=\"Imagem\" loading=\"lazy\"><\/span><hr class=\"x-line e251-e11-v4 m6z-1a m6z-8 m6z-a\" data-x-effect=\"{&quot;durationBase&quot;:&quot;300ms&quot;}\"\/><div class=\"x-text x-text-headline e251-e11-v5 m6z-z m6z-10 m6z-11 m6z-15\"><div class=\"x-text-content\"><div class=\"x-text-content-text\"><h4 class=\"x-text-content-text-primary\">Varejo<\/h4>\n<\/div><\/div><\/div><\/a><\/div><\/div><\/div><div class=\"x-section e251-e12-v0 m6z-0 m6z-3 m6z-7 m6z-c\"><div class=\"x-row x-container max width e251-e12-v1 m6z-d m6z-e m6z-i m6z-j m6z-n m6z-r\"><div class=\"x-row-inner\"><div class=\"x-col e251-e12-v2 m6z-s m6z-u m6z-v m6z-w\"><div class=\"x-text x-text-headline e251-e12-v3 m6z-z m6z-11 m6z-12 m6z-13\"><div class=\"x-text-content\"><div class=\"x-text-content-text\"><h2 class=\"x-text-content-text-primary translation-block\">Experimente um mundo <span>sem fronteiras<\/span><\/h2>\n<\/div><\/div><\/div><div class=\"x-text x-content e251-e12-v4 m6z-16\">Estrategicamente posicionado para suporte empresarial, o Sycomp combina a experi\u00eancia abrangente de uma equipe globalmente integrada com o valor do suporte localizado nas principais regi\u00f5es do mundo.<\/div><a class=\"x-anchor x-anchor-button x-hide-md x-hide-sm x-hide-xs e251-e12-v5 m6z-1b\" tabindex=\"0\" href=\"https:\/\/sycomp.com\/pt\/locais\/\"><div class=\"x-anchor-content\"><div class=\"x-anchor-text\"><span class=\"x-anchor-text-primary\">Explore nossas localidades<\/span><\/div><\/div><\/a><\/div><div class=\"x-col e251-e12-v6 m6z-s m6z-u m6z-v m6z-w\"><span class=\"x-image e251-e12-v7 m6z-17 m6z-19\"><img decoding=\"async\" src=\"https:\/\/sycomp.com\/wp-content\/uploads\/2024\/12\/map-4.png\" width=\"2401\" height=\"1519\" alt=\"Imagem\" loading=\"lazy\"><\/span><\/div><\/div><\/div><\/div><\/div>","protected":false},"excerpt":{"rendered":"<p>Nos neg\u00f3cios globais, a tecnologia significa o mundo - para sua organiza\u00e7\u00e3o, seus funcion\u00e1rios, seus clientes, seu sucesso. Ela pode fazer ou destruir voc\u00ea. A Sycomp trabalha com parceiros de primeira linha para fornecer solu\u00e7\u00f5es tecnol\u00f3gicas perfeitas e projetos multinacionais de TI que enfrentam todos os desafios para organiza\u00e7\u00f5es l\u00edderes do setor em todo o mundo. Com uma infraestrutura global de equipes em rede e locais estrat\u00e9gicos, nossos especialistas simplificam...<\/p>","protected":false},"author":1,"featured_media":0,"parent":0,"menu_order":14,"comment_status":"closed","ping_status":"closed","template":"template-blank-4.php","meta":{"_acf_changed":false,"content-type":"","footnotes":""},"class_list":["post-251","page","type-page","status-publish","hentry","no-post-thumbnail"],"acf":[],"yoast_head":"<!-- This site is optimized with the Yoast SEO Premium plugin v26.8 (Yoast SEO v26.8) - https:\/\/yoast.com\/product\/yoast-seo-premium-wordpress\/ -->\n<title>Industry Solutions by Sycomp | Tailored Expertise<\/title>\n<meta name=\"description\" content=\"Explore Sycomp&#039;s industry-specific technology solutions designed for sectors like healthcare, finance, technology, and manufacturing, driving digital transformation.\" \/>\n<meta name=\"robots\" content=\"index, follow, max-snippet:-1, max-image-preview:large, max-video-preview:-1\" \/>\n<link rel=\"canonical\" href=\"https:\/\/sycomp.com\/pt\/setores\/\" \/>\n<meta property=\"og:locale\" content=\"pt_BR\" \/>\n<meta property=\"og:type\" content=\"article\" \/>\n<meta property=\"og:title\" content=\"Industries\" \/>\n<meta property=\"og:description\" content=\"Explore Sycomp&#039;s industry-specific technology solutions designed for sectors like healthcare, finance, technology, and manufacturing, driving digital transformation.\" \/>\n<meta property=\"og:url\" content=\"https:\/\/sycomp.com\/pt\/setores\/\" \/>\n<meta property=\"og:site_name\" content=\"Sycomp Inc\" \/>\n<meta property=\"article:modified_time\" content=\"2024-11-25T14:41:01+00:00\" \/>\n<meta name=\"twitter:card\" content=\"summary_large_image\" \/>\n<meta name=\"twitter:label1\" content=\"Est. reading time\" \/>\n\t<meta name=\"twitter:data1\" content=\"4 minutos\" \/>\n<script type=\"application\/ld+json\" class=\"yoast-schema-graph\">{\"@context\":\"https:\/\/schema.org\",\"@graph\":[{\"@type\":\"WebPage\",\"@id\":\"https:\/\/sycomp.com\/industries\/\",\"url\":\"https:\/\/sycomp.com\/industries\/\",\"name\":\"Industry Solutions by Sycomp | Tailored Expertise\",\"isPartOf\":{\"@id\":\"https:\/\/sycomp.com\/#website\"},\"datePublished\":\"2024-08-22T18:37:15+00:00\",\"dateModified\":\"2024-11-25T14:41:01+00:00\",\"description\":\"Explore Sycomp's industry-specific technology solutions designed for sectors like healthcare, finance, technology, and manufacturing, driving digital transformation.\",\"breadcrumb\":{\"@id\":\"https:\/\/sycomp.com\/industries\/#breadcrumb\"},\"inLanguage\":\"pt-BR\",\"potentialAction\":[{\"@type\":\"ReadAction\",\"target\":[\"https:\/\/sycomp.com\/industries\/\"]}]},{\"@type\":\"BreadcrumbList\",\"@id\":\"https:\/\/sycomp.com\/industries\/#breadcrumb\",\"itemListElement\":[{\"@type\":\"ListItem\",\"position\":1,\"name\":\"Home\",\"item\":\"https:\/\/sycomp.com\/\"},{\"@type\":\"ListItem\",\"position\":2,\"name\":\"Industries\"}]},{\"@type\":\"WebSite\",\"@id\":\"https:\/\/sycomp.com\/#website\",\"url\":\"https:\/\/sycomp.com\/\",\"name\":\"Sycomp Inc\",\"description\":\"\",\"potentialAction\":[{\"@type\":\"SearchAction\",\"target\":{\"@type\":\"EntryPoint\",\"urlTemplate\":\"https:\/\/sycomp.com\/?s={search_term_string}\"},\"query-input\":{\"@type\":\"PropertyValueSpecification\",\"valueRequired\":true,\"valueName\":\"search_term_string\"}}],\"inLanguage\":\"pt-BR\"}]}<\/script>\n<!-- \/ Yoast SEO Premium plugin. -->","yoast_head_json":{"title":"Solu\u00e7\u00f5es do setor por Sycomp | Conhecimento especializado sob medida","description":"Explore as solu\u00e7\u00f5es tecnol\u00f3gicas espec\u00edficas do setor do Sycomp projetadas para setores como sa\u00fade, finan\u00e7as, tecnologia e manufatura, impulsionando a transforma\u00e7\u00e3o digital.","robots":{"index":"index","follow":"follow","max-snippet":"max-snippet:-1","max-image-preview":"max-image-preview:large","max-video-preview":"max-video-preview:-1"},"canonical":"https:\/\/sycomp.com\/pt\/setores\/","og_locale":"pt_BR","og_type":"article","og_title":"Industries","og_description":"Explore Sycomp's industry-specific technology solutions designed for sectors like healthcare, finance, technology, and manufacturing, driving digital transformation.","og_url":"https:\/\/sycomp.com\/pt\/setores\/","og_site_name":"Sycomp Inc","article_modified_time":"2024-11-25T14:41:01+00:00","twitter_card":"summary_large_image","twitter_misc":{"Est. reading time":"4 minutos"},"schema":{"@context":"https:\/\/schema.org","@graph":[{"@type":"WebPage","@id":"https:\/\/sycomp.com\/industries\/","url":"https:\/\/sycomp.com\/industries\/","name":"Solu\u00e7\u00f5es do setor por Sycomp | Conhecimento especializado sob medida","isPartOf":{"@id":"https:\/\/sycomp.com\/#website"},"datePublished":"2024-08-22T18:37:15+00:00","dateModified":"2024-11-25T14:41:01+00:00","description":"Explore as solu\u00e7\u00f5es tecnol\u00f3gicas espec\u00edficas do setor do Sycomp projetadas para setores como sa\u00fade, finan\u00e7as, tecnologia e manufatura, impulsionando a transforma\u00e7\u00e3o digital.","breadcrumb":{"@id":"https:\/\/sycomp.com\/industries\/#breadcrumb"},"inLanguage":"pt-BR","potentialAction":[{"@type":"ReadAction","target":["https:\/\/sycomp.com\/industries\/"]}]},{"@type":"BreadcrumbList","@id":"https:\/\/sycomp.com\/industries\/#breadcrumb","itemListElement":[{"@type":"ListItem","position":1,"name":"Home","item":"https:\/\/sycomp.com\/"},{"@type":"ListItem","position":2,"name":"Industries"}]},{"@type":"WebSite","@id":"https:\/\/sycomp.com\/#website","url":"https:\/\/sycomp.com\/","name":"Sycomp Inc","description":"","potentialAction":[{"@type":"SearchAction","target":{"@type":"EntryPoint","urlTemplate":"https:\/\/sycomp.com\/?s={search_term_string}"},"query-input":{"@type":"PropertyValueSpecification","valueRequired":true,"valueName":"search_term_string"}}],"inLanguage":"pt-BR"}]}},"_links":{"self":[{"href":"https:\/\/sycomp.com\/pt\/wp-json\/wp\/v2\/pages\/251","targetHints":{"allow":["GET"]}}],"collection":[{"href":"https:\/\/sycomp.com\/pt\/wp-json\/wp\/v2\/pages"}],"about":[{"href":"https:\/\/sycomp.com\/pt\/wp-json\/wp\/v2\/types\/page"}],"author":[{"embeddable":true,"href":"https:\/\/sycomp.com\/pt\/wp-json\/wp\/v2\/users\/1"}],"replies":[{"embeddable":true,"href":"https:\/\/sycomp.com\/pt\/wp-json\/wp\/v2\/comments?post=251"}],"version-history":[{"count":0,"href":"https:\/\/sycomp.com\/pt\/wp-json\/wp\/v2\/pages\/251\/revisions"}],"wp:attachment":[{"href":"https:\/\/sycomp.com\/pt\/wp-json\/wp\/v2\/media?parent=251"}],"curies":[{"name":"wp","href":"https:\/\/api.w.org\/{rel}","templated":true}]}}