{"id":1939,"date":"2025-04-08T08:05:57","date_gmt":"2025-04-08T15:05:57","guid":{"rendered":"https:\/\/sycomp.com\/?page_id=1939"},"modified":"2025-04-22T06:37:24","modified_gmt":"2025-04-22T13:37:24","slug":"politica-de-cookies","status":"publish","type":"page","link":"https:\/\/sycomp.com\/pt\/politica-de-cookies\/","title":{"rendered":"Pol\u00edtica de cookies"},"content":{"rendered":"<div id=\"cs-content\" class=\"cs-content\"><div class=\"x-section e1939-e1 m1hv-0 m1hv-1\"><div class=\"x-row x-container max width e1939-e2 m1hv-2 m1hv-3 m1hv-4\"><div class=\"x-row-inner\"><div class=\"x-col e1939-e3 m1hv-6\"><div class=\"x-text x-text-headline e1939-e4 m1hv-7\"><div class=\"x-text-content\"><div class=\"x-text-content-text\"><h1 class=\"x-text-content-text-primary\">Cookie Policy<\/h1>\n<\/div><\/div><\/div><\/div><\/div><\/div><\/div><div class=\"x-section e1939-e5 m1hv-0\"><div class=\"x-row x-container max width e1939-e6 m1hv-2 m1hv-3 m1hv-5\"><div class=\"x-row-inner\"><div class=\"x-col e1939-e7 m1hv-6\"><div class=\"x-text x-content e1939-e8 m1hv-8\"><p>When you visit our website, we will use cookies to ensure that you have the best experience of the site. A cookie is a small piece of data (text file) that a website \u2013 when visited by a user \u2013 asks your browser to store on your device in order to remember information about you, such as your language preference or login information. Those cookies are set by us and called first-party cookies. We also use third party cookies \u2013 which are cookies from a domain different than the domain of the website you are visiting \u2013 for our advertising and marketing efforts.<\/p>\n<p>Cookies might contain information about you, your preferences or your device. This information does not usually directly identify you, but it can give you a more personalized web experience. Because we respect your right to privacy, you can choose not to allow some types of cookie in our Privacy Preference Center. Note that blocking some types of cookies may impact your experience of the site and the services we are able to offer.<\/p>\n<p>Learn more about who we are, how you can contact us and how we process personal data in our\u00a0<a href=\"https:\/\/sycomp.com\/privacy-policy\/\">Privacy Policy<\/a>.<\/p>\n<p>Your consent applies to the following domains: sycomp.com<\/p>\n\n<h4>What are cookies?<\/h4>\n<p>Cookies are small text files that are used to store small pieces of information. The cookies are stored on your device when the website is loaded on your browser. These cookies help us make the website function properly, make the website more secure, provide better user experience, and understand how the website performs and to analyze what works and where it needs improvement.<\/p>\n\n<h4>How do we use cookies?<\/h4>\n<p>As most of the online services, our website uses cookies first-party and third-party cookies for a number of purposes. The first-party cookies are mostly necessary for the website to function the right way, and they do not collect any of your personally identifiable data.<\/p>\n<p>The third-party cookies used on our websites are used mainly for understanding how the website performs, how you interact with our website, keeping our services secure, providing advertisements that are relevant to you, and all in all providing you with a better and improved user experience and help speed up your future interactions with our website.<\/p>\n[wcc_category_list]\n\n<h4>Manage cookie preferences<\/h4>\n<p>You can change your cookie preferences any time by clicking the [wcc_preference_button] button. This will let you revisit the cookie consent banner and change your preferences or withdraw your consent right away. In addition to this, different browsers provide different methods to block and delete cookies used by websites. You can change the settings of your browser to block\/delete the cookies. Listed below are the links to the support documents on how to manage and delete cookies from the major web browsers.<\/p>\n<p>Chrome: <a href=\"https:\/\/support.google.com\/accounts\/answer\/32050\"> https:\/\/support.google.com\/accounts\/answer\/32050<\/a><\/p>\n<p>Safari: <a href=\"https:\/\/support.apple.com\/en-in\/guide\/safari\/sfri11471\/mac\">https:\/\/support.apple.com\/en-in\/guide\/safari\/sfri11471\/mac<\/a><\/p>\n<p>Firefox: <a href=\"https:\/\/support.mozilla.org\/en-US\/kb\/clear-cookies-and-site-data-firefox?redirectslug=delete-cookies-remove-info-websites-stored&amp;redirectlocale=en-US\">https:\/\/support.mozilla.org\/en-US\/kb\/clear-cookies-and-site-data-firefox?redirectslug=delete-cookies-remove-info-websites-stored&amp;redirectlocale=en-US<\/a><\/p>\n<p>Microsoft Edge: <a href=\"https:\/\/support.microsoft.com\/en-us\/microsoft-edge\/delete-cookies-in-microsoft-edge-63947406-40ac-c3b8-57b9-2a946a29ae09\"> Delete cookies in Microsoft Edge - Microsoft Support<\/a><\/p>\n<p>If you are using any other web browser, please visit your browser\u2019s official support documents.<\/p>\n<p>In addition to this, different browsers provide different methods to block and delete cookies used by websites. You can change the settings of your browser to block\/delete the cookies. To find out more out more on how to manage and delete cookies, visit wikipedia.org,\u00a0<a href=\"https:\/\/www.allaboutcookies.org\">www.allaboutcookies.org<\/a>.<\/p><\/div><\/div><\/div><\/div><\/div><\/div>\n","protected":false},"excerpt":{"rendered":"<p>Quando voc\u00ea visitar nosso site, usaremos cookies para garantir que voc\u00ea tenha a melhor experi\u00eancia no site. Um cookie \u00e9 um pequeno fragmento de dados (arquivo de texto) que um site, quando visitado por um usu\u00e1rio, solicita ao navegador que armazene no dispositivo para lembrar informa\u00e7\u00f5es sobre o usu\u00e1rio, como sua prefer\u00eancia de idioma...<\/p>","protected":false},"author":1,"featured_media":0,"parent":0,"menu_order":1,"comment_status":"closed","ping_status":"closed","template":"template-blank-4.php","meta":{"_acf_changed":false,"content-type":"","rs_blank_template":"","rs_page_bg_color":"","slide_template_v7":"","footnotes":""},"class_list":["post-1939","page","type-page","status-publish","hentry","no-post-thumbnail"],"acf":[],"yoast_head":"<!-- This site is optimized with the Yoast SEO Premium plugin v27.3 (Yoast SEO v27.3) - https:\/\/yoast.com\/product\/yoast-seo-premium-wordpress\/ -->\n<title>Cookie policy - Sycomp Inc<\/title>\n<meta name=\"robots\" content=\"index, follow, max-snippet:-1, max-image-preview:large, max-video-preview:-1\" \/>\n<link rel=\"canonical\" href=\"https:\/\/sycomp.com\/pt\/politica-de-cookies\/\" \/>\n<meta property=\"og:locale\" content=\"pt_BR\" \/>\n<meta property=\"og:type\" content=\"article\" \/>\n<meta property=\"og:title\" content=\"Cookie policy\" \/>\n<meta property=\"og:description\" content=\"When you visit our website, we will use cookies to ensure that you have the best experience of the site. A cookie is a small piece of data (text file) that a website \u2013 when visited by a user \u2013 asks your browser to store on your device in order to remember information about you, such as your language preference&hellip;\" \/>\n<meta property=\"og:url\" content=\"https:\/\/sycomp.com\/pt\/politica-de-cookies\/\" \/>\n<meta property=\"og:site_name\" content=\"Sycomp Inc\" \/>\n<meta property=\"article:modified_time\" content=\"2025-04-22T13:37:24+00:00\" \/>\n<meta name=\"twitter:card\" content=\"summary_large_image\" \/>\n<meta name=\"twitter:label1\" content=\"Est. reading time\" \/>\n\t<meta name=\"twitter:data1\" content=\"3 minutos\" \/>\n<script type=\"application\/ld+json\" class=\"yoast-schema-graph\">{\"@context\":\"https:\\\/\\\/schema.org\",\"@graph\":[{\"@type\":\"WebPage\",\"@id\":\"https:\\\/\\\/sycomp.com\\\/cookie-policy\\\/\",\"url\":\"https:\\\/\\\/sycomp.com\\\/cookie-policy\\\/\",\"name\":\"Cookie policy - Sycomp Inc\",\"isPartOf\":{\"@id\":\"https:\\\/\\\/sycomp.com\\\/#website\"},\"datePublished\":\"2025-04-08T15:05:57+00:00\",\"dateModified\":\"2025-04-22T13:37:24+00:00\",\"breadcrumb\":{\"@id\":\"https:\\\/\\\/sycomp.com\\\/cookie-policy\\\/#breadcrumb\"},\"inLanguage\":\"pt-BR\",\"potentialAction\":[{\"@type\":\"ReadAction\",\"target\":[\"https:\\\/\\\/sycomp.com\\\/cookie-policy\\\/\"]}]},{\"@type\":\"BreadcrumbList\",\"@id\":\"https:\\\/\\\/sycomp.com\\\/cookie-policy\\\/#breadcrumb\",\"itemListElement\":[{\"@type\":\"ListItem\",\"position\":1,\"name\":\"Home\",\"item\":\"https:\\\/\\\/sycomp.com\\\/\"},{\"@type\":\"ListItem\",\"position\":2,\"name\":\"Cookie policy\"}]},{\"@type\":\"WebSite\",\"@id\":\"https:\\\/\\\/sycomp.com\\\/#website\",\"url\":\"https:\\\/\\\/sycomp.com\\\/\",\"name\":\"Sycomp Inc\",\"description\":\"\",\"potentialAction\":[{\"@type\":\"SearchAction\",\"target\":{\"@type\":\"EntryPoint\",\"urlTemplate\":\"https:\\\/\\\/sycomp.com\\\/?s={search_term_string}\"},\"query-input\":{\"@type\":\"PropertyValueSpecification\",\"valueRequired\":true,\"valueName\":\"search_term_string\"}}],\"inLanguage\":\"pt-BR\"}]}<\/script>\n<!-- \/ Yoast SEO Premium plugin. -->","yoast_head_json":{"title":"Pol\u00edtica de cookies - Sycomp Inc","robots":{"index":"index","follow":"follow","max-snippet":"max-snippet:-1","max-image-preview":"max-image-preview:large","max-video-preview":"max-video-preview:-1"},"canonical":"https:\/\/sycomp.com\/pt\/politica-de-cookies\/","og_locale":"pt_BR","og_type":"article","og_title":"Cookie policy","og_description":"When you visit our website, we will use cookies to ensure that you have the best experience of the site. A cookie is a small piece of data (text file) that a website \u2013 when visited by a user \u2013 asks your browser to store on your device in order to remember information about you, such as your language preference&hellip;","og_url":"https:\/\/sycomp.com\/pt\/politica-de-cookies\/","og_site_name":"Sycomp Inc","article_modified_time":"2025-04-22T13:37:24+00:00","twitter_card":"summary_large_image","twitter_misc":{"Est. reading time":"3 minutos"},"schema":{"@context":"https:\/\/schema.org","@graph":[{"@type":"WebPage","@id":"https:\/\/sycomp.com\/cookie-policy\/","url":"https:\/\/sycomp.com\/cookie-policy\/","name":"Pol\u00edtica de cookies - Sycomp Inc","isPartOf":{"@id":"https:\/\/sycomp.com\/#website"},"datePublished":"2025-04-08T15:05:57+00:00","dateModified":"2025-04-22T13:37:24+00:00","breadcrumb":{"@id":"https:\/\/sycomp.com\/cookie-policy\/#breadcrumb"},"inLanguage":"pt-BR","potentialAction":[{"@type":"ReadAction","target":["https:\/\/sycomp.com\/cookie-policy\/"]}]},{"@type":"BreadcrumbList","@id":"https:\/\/sycomp.com\/cookie-policy\/#breadcrumb","itemListElement":[{"@type":"ListItem","position":1,"name":"Home","item":"https:\/\/sycomp.com\/"},{"@type":"ListItem","position":2,"name":"Cookie policy"}]},{"@type":"WebSite","@id":"https:\/\/sycomp.com\/#website","url":"https:\/\/sycomp.com\/","name":"Sycomp Inc","description":"","potentialAction":[{"@type":"SearchAction","target":{"@type":"EntryPoint","urlTemplate":"https:\/\/sycomp.com\/?s={search_term_string}"},"query-input":{"@type":"PropertyValueSpecification","valueRequired":true,"valueName":"search_term_string"}}],"inLanguage":"pt-BR"}]}},"_links":{"self":[{"href":"https:\/\/sycomp.com\/pt\/wp-json\/wp\/v2\/pages\/1939","targetHints":{"allow":["GET"]}}],"collection":[{"href":"https:\/\/sycomp.com\/pt\/wp-json\/wp\/v2\/pages"}],"about":[{"href":"https:\/\/sycomp.com\/pt\/wp-json\/wp\/v2\/types\/page"}],"author":[{"embeddable":true,"href":"https:\/\/sycomp.com\/pt\/wp-json\/wp\/v2\/users\/1"}],"replies":[{"embeddable":true,"href":"https:\/\/sycomp.com\/pt\/wp-json\/wp\/v2\/comments?post=1939"}],"version-history":[{"count":0,"href":"https:\/\/sycomp.com\/pt\/wp-json\/wp\/v2\/pages\/1939\/revisions"}],"wp:attachment":[{"href":"https:\/\/sycomp.com\/pt\/wp-json\/wp\/v2\/media?parent=1939"}],"curies":[{"name":"wp","href":"https:\/\/api.w.org\/{rel}","templated":true}]}}