{"id":117,"date":"2024-08-19T18:48:34","date_gmt":"2024-08-19T18:48:34","guid":{"rendered":"https:\/\/sycomp.com\/?page_id=117"},"modified":"2024-11-25T06:43:32","modified_gmt":"2024-11-25T14:43:32","slug":"solucoes","status":"publish","type":"page","link":"https:\/\/sycomp.com\/pt\/solucoes\/","title":{"rendered":"Solu\u00e7\u00f5es"},"content":{"rendered":"<div id=\"cs-content\" class=\"cs-content\"><div class=\"x-section e117-e1-v0 m39-0 m39-1\" style=\"--tco-dc39-0:url(https:\/\/sycomp.com\/wp-content\/uploads\/2024\/11\/solutions.jpg);--tco-dc39-1:50%;--tco-dc39-2:50%;\"><div class=\"x-bg\" aria-hidden=\"true\"><div class=\"x-bg-layer-lower-image\"><\/div><div class=\"x-bg-layer-upper-color\"><\/div><\/div><div class=\"x-row x-container max width e117-e1-v1 m39-b m39-c m39-d m39-e m39-f m39-g m39-l m39-m\"><div class=\"x-row-inner\"><div class=\"x-col e117-e1-v2 m39-s m39-t m39-u m39-v\"><div class=\"x-text x-text-headline e117-e1-v3 m39-y m39-z m39-10 m39-11\"><div class=\"x-text-content\"><div class=\"x-text-content-text\"><h1 class=\"x-text-content-text-primary\">Solu\u00e7\u00f5es<\/h1>\n<\/div><\/div><\/div><\/div><\/div><\/div><\/div><div class=\"x-section e117-e2 m39-0 m39-2 m39-3\"><div class=\"x-row x-container max width e117-e3 m39-b m39-c m39-h m39-i m39-n m39-o\"><div class=\"x-row-inner\"><div class=\"x-col e117-e4 m39-s m39-u m39-v m39-w\"><div class=\"x-text x-text-headline e117-e5 m39-10 m39-12 m39-13 m39-14 dual-weight-headline\"><div class=\"x-text-content\"><div class=\"x-text-content-text\"><h2 class=\"x-text-content-text-primary translation-block\">Solu\u00e7\u00f5es de tecnologia avan\u00e7ada <span>que impulsionam os neg\u00f3cios globais<\/span><\/h2>\n<\/div><\/div><\/div><div class=\"x-text x-content e117-e6 m39-17\">A implementa\u00e7\u00e3o de tecnologia em uma organiza\u00e7\u00e3o multinacional n\u00e3o \u00e9 uma tarefa simples. A Sycomp se destaca por alinhar as metas comerciais e as estrat\u00e9gias de TI com solu\u00e7\u00f5es tecnol\u00f3gicas avan\u00e7adas. Nossa equipe navega pelas complexidades e verifica cada requisito. Desde obst\u00e1culos de seguran\u00e7a e integra\u00e7\u00e3o at\u00e9 benchmarks de ROI e escalabilidade, nossos experientes arquitetos de solu\u00e7\u00f5es, engenheiros, especialistas em log\u00edstica e gerentes de projeto colaboram com parceiros OEM de classe mundial para resolver cada desafio com precis\u00e3o especializada e determinar o caminho ideal de entrega.<\/div><\/div><\/div><\/div><\/div><div class=\"x-section e117-e7-v0 m39-0 m39-3 m39-4 m39-9\" style=\"--tco-dc39-4:#edf1f5;\"><div class=\"x-row x-container max width e117-e7-v1 m39-b m39-d m39-g m39-i m39-j m39-l m39-p\"><div class=\"x-row-inner\"><div class=\"x-col e117-e7-v2 m39-u m39-v\"><div class=\"x-text x-text-headline e117-e7-v3 m39-10 m39-11 m39-12 m39-15\"><div class=\"x-text-content\"><div class=\"x-text-content-text\"><h3 class=\"x-text-content-text-primary\">Solu\u00e7\u00f5es<\/h3>\n<\/div><\/div><\/div><div class=\"x-row e117-e7-v4 m39-b m39-c m39-d m39-e m39-k m39-q\"><div class=\"x-row-inner\"><a class=\"x-col e117-e7-v5 m39-u m39-x m39-6\" style=\"--tco-dc39-6:url(https:\/\/sycomp.com\/wp-content\/uploads\/2024\/10\/AI.jpg);\" href=\"https:\/\/sycomp.com\/pt\/solucao\/inteligencia-artificial\/\" data-x-effect-provider=\"colors effects particles\" data-x-effect=\"{&quot;durationBase&quot;:&quot;300ms&quot;}\"><div class=\"x-bg\" aria-hidden=\"true\" style=\"border-radius: 24px;\"><div class=\"x-bg-layer-lower-image\"><\/div><div class=\"x-bg-layer-upper-color\"><\/div><\/div><div class=\"x-div e117-e7-v6 m39-18 m39-6 m39-7\" data-x-effect=\"{&quot;durationBase&quot;:&quot;300ms&quot;}\"><hr class=\"x-line e117-e7-v7 m39-19 m39-6 m39-8\" data-x-effect=\"{&quot;durationBase&quot;:&quot;300ms&quot;}\"\/><div class=\"x-text x-text-headline e117-e7-v8 m39-z m39-10 m39-14 m39-16\"><div class=\"x-text-content\"><div class=\"x-text-content-text\"><h4 class=\"x-text-content-text-primary\">Artificial Intelligence<\/h4>\n<\/div><\/div><\/div><\/div><\/a><a class=\"x-col e117-e7-v5 m39-u m39-x m39-6\" style=\"--tco-dc39-6:url(https:\/\/sycomp.com\/wp-content\/uploads\/2024\/08\/cloud-1.jpg);\" href=\"https:\/\/sycomp.com\/pt\/solucao\/nuvem\/\" data-x-effect-provider=\"colors effects particles\" data-x-effect=\"{&quot;durationBase&quot;:&quot;300ms&quot;}\"><div class=\"x-bg\" aria-hidden=\"true\" style=\"border-radius: 24px;\"><div class=\"x-bg-layer-lower-image\"><\/div><div class=\"x-bg-layer-upper-color\"><\/div><\/div><div class=\"x-div e117-e7-v6 m39-18 m39-6 m39-7\" data-x-effect=\"{&quot;durationBase&quot;:&quot;300ms&quot;}\"><hr class=\"x-line e117-e7-v7 m39-19 m39-6 m39-8\" data-x-effect=\"{&quot;durationBase&quot;:&quot;300ms&quot;}\"\/><div class=\"x-text x-text-headline e117-e7-v8 m39-z m39-10 m39-14 m39-16\"><div class=\"x-text-content\"><div class=\"x-text-content-text\"><h4 class=\"x-text-content-text-primary\">Cloud<\/h4>\n<\/div><\/div><\/div><\/div><\/a><a class=\"x-col e117-e7-v5 m39-u m39-x m39-6\" style=\"--tco-dc39-6:url(https:\/\/sycomp.com\/wp-content\/uploads\/2024\/09\/endpoint.jpg);\" href=\"https:\/\/sycomp.com\/pt\/servico\/servicos-gerenciados\/gerenciamento-de-endpoints\/\" data-x-effect-provider=\"colors effects particles\" data-x-effect=\"{&quot;durationBase&quot;:&quot;300ms&quot;}\"><div class=\"x-bg\" aria-hidden=\"true\" style=\"border-radius: 24px;\"><div class=\"x-bg-layer-lower-image\"><\/div><div class=\"x-bg-layer-upper-color\"><\/div><\/div><div class=\"x-div e117-e7-v6 m39-18 m39-6 m39-7\" data-x-effect=\"{&quot;durationBase&quot;:&quot;300ms&quot;}\"><hr class=\"x-line e117-e7-v7 m39-19 m39-6 m39-8\" data-x-effect=\"{&quot;durationBase&quot;:&quot;300ms&quot;}\"\/><div class=\"x-text x-text-headline e117-e7-v8 m39-z m39-10 m39-14 m39-16\"><div class=\"x-text-content\"><div class=\"x-text-content-text\"><h4 class=\"x-text-content-text-primary\">Endpoint Management<\/h4>\n<\/div><\/div><\/div><\/div><\/a><a class=\"x-col e117-e7-v5 m39-u m39-x m39-6\" style=\"--tco-dc39-6:url(https:\/\/sycomp.com\/wp-content\/uploads\/2024\/08\/2.jpg);\" href=\"https:\/\/sycomp.com\/pt\/solucao\/centro-de-dados\/\" data-x-effect-provider=\"colors effects particles\" data-x-effect=\"{&quot;durationBase&quot;:&quot;300ms&quot;}\"><div class=\"x-bg\" aria-hidden=\"true\" style=\"border-radius: 24px;\"><div class=\"x-bg-layer-lower-image\"><\/div><div class=\"x-bg-layer-upper-color\"><\/div><\/div><div class=\"x-div e117-e7-v6 m39-18 m39-6 m39-7\" data-x-effect=\"{&quot;durationBase&quot;:&quot;300ms&quot;}\"><hr class=\"x-line e117-e7-v7 m39-19 m39-6 m39-8\" data-x-effect=\"{&quot;durationBase&quot;:&quot;300ms&quot;}\"\/><div class=\"x-text x-text-headline e117-e7-v8 m39-z m39-10 m39-14 m39-16\"><div class=\"x-text-content\"><div class=\"x-text-content-text\"><h4 class=\"x-text-content-text-primary\">Data Center<\/h4>\n<\/div><\/div><\/div><\/div><\/a><a class=\"x-col e117-e7-v5 m39-u m39-x m39-6\" style=\"--tco-dc39-6:url(https:\/\/sycomp.com\/wp-content\/uploads\/2024\/08\/3.jpg);\" href=\"https:\/\/sycomp.com\/pt\/solucao\/hpc\/\" data-x-effect-provider=\"colors effects particles\" data-x-effect=\"{&quot;durationBase&quot;:&quot;300ms&quot;}\"><div class=\"x-bg\" aria-hidden=\"true\" style=\"border-radius: 24px;\"><div class=\"x-bg-layer-lower-image\"><\/div><div class=\"x-bg-layer-upper-color\"><\/div><\/div><div class=\"x-div e117-e7-v6 m39-18 m39-6 m39-7\" data-x-effect=\"{&quot;durationBase&quot;:&quot;300ms&quot;}\"><hr class=\"x-line e117-e7-v7 m39-19 m39-6 m39-8\" data-x-effect=\"{&quot;durationBase&quot;:&quot;300ms&quot;}\"\/><div class=\"x-text x-text-headline e117-e7-v8 m39-z m39-10 m39-14 m39-16\"><div class=\"x-text-content\"><div class=\"x-text-content-text\"><h4 class=\"x-text-content-text-primary\">HPC<\/h4>\n<\/div><\/div><\/div><\/div><\/a><a class=\"x-col e117-e7-v5 m39-u m39-x m39-6\" style=\"--tco-dc39-6:url(https:\/\/sycomp.com\/wp-content\/uploads\/2024\/08\/saas-2.jpg);\" href=\"https:\/\/sycomp.com\/pt\/solucao\/saas\/\" data-x-effect-provider=\"colors effects particles\" data-x-effect=\"{&quot;durationBase&quot;:&quot;300ms&quot;}\"><div class=\"x-bg\" aria-hidden=\"true\" style=\"border-radius: 24px;\"><div class=\"x-bg-layer-lower-image\"><\/div><div class=\"x-bg-layer-upper-color\"><\/div><\/div><div class=\"x-div e117-e7-v6 m39-18 m39-6 m39-7\" data-x-effect=\"{&quot;durationBase&quot;:&quot;300ms&quot;}\"><hr class=\"x-line e117-e7-v7 m39-19 m39-6 m39-8\" data-x-effect=\"{&quot;durationBase&quot;:&quot;300ms&quot;}\"\/><div class=\"x-text x-text-headline e117-e7-v8 m39-z m39-10 m39-14 m39-16\"><div class=\"x-text-content\"><div class=\"x-text-content-text\"><h4 class=\"x-text-content-text-primary\">SaaS<\/h4>\n<\/div><\/div><\/div><\/div><\/a><a class=\"x-col e117-e7-v5 m39-u m39-x m39-6\" style=\"--tco-dc39-6:url(https:\/\/sycomp.com\/wp-content\/uploads\/2024\/08\/security-1.jpg);\" href=\"https:\/\/sycomp.com\/pt\/solucao\/seguranca\/\" data-x-effect-provider=\"colors effects particles\" data-x-effect=\"{&quot;durationBase&quot;:&quot;300ms&quot;}\"><div class=\"x-bg\" aria-hidden=\"true\" style=\"border-radius: 24px;\"><div class=\"x-bg-layer-lower-image\"><\/div><div class=\"x-bg-layer-upper-color\"><\/div><\/div><div class=\"x-div e117-e7-v6 m39-18 m39-6 m39-7\" data-x-effect=\"{&quot;durationBase&quot;:&quot;300ms&quot;}\"><hr class=\"x-line e117-e7-v7 m39-19 m39-6 m39-8\" data-x-effect=\"{&quot;durationBase&quot;:&quot;300ms&quot;}\"\/><div class=\"x-text x-text-headline e117-e7-v8 m39-z m39-10 m39-14 m39-16\"><div class=\"x-text-content\"><div class=\"x-text-content-text\"><h4 class=\"x-text-content-text-primary\">Seguran\u00e7a<\/h4>\n<\/div><\/div><\/div><\/div><\/a><\/div><\/div><\/div><\/div><\/div><\/div><div class=\"x-section e117-e8-v0 m39-0 m39-3 m39-5 m39-a\"><div class=\"x-row x-container max width e117-e8-v1 m39-b m39-c m39-h m39-i m39-n m39-r\"><div class=\"x-row-inner\"><div class=\"x-col e117-e8-v2 m39-s m39-u m39-v m39-w\"><div class=\"x-text x-text-headline e117-e8-v3 m39-10 m39-12 m39-13 m39-14\"><div class=\"x-text-content\"><div class=\"x-text-content-text\"><h2 class=\"x-text-content-text-primary translation-block\">Experimente um mundo <span>sem fronteiras<\/span><\/h2>\n<\/div><\/div><\/div><div class=\"x-text x-content e117-e8-v4 m39-17\">Estrategicamente posicionado para suporte empresarial, o Sycomp combina a experi\u00eancia abrangente de uma equipe globalmente integrada com o valor do suporte localizado nas principais regi\u00f5es do mundo.<\/div><a class=\"x-anchor x-anchor-button x-hide-md x-hide-sm x-hide-xs e117-e8-v5 m39-1a\" tabindex=\"0\" href=\"https:\/\/sycomp.com\/pt\/locais\/\"><div class=\"x-anchor-content\"><div class=\"x-anchor-text\"><span class=\"x-anchor-text-primary\">Explore nossas localidades<\/span><\/div><\/div><\/a><\/div><div class=\"x-col e117-e8-v6 m39-s m39-u m39-v m39-w\"><span class=\"x-image e117-e8-v7 m39-1b\"><img decoding=\"async\" src=\"https:\/\/sycomp.com\/wp-content\/uploads\/2024\/12\/map-4.png\" width=\"2401\" height=\"1519\" alt=\"Imagem\" loading=\"lazy\"><\/span><\/div><\/div><\/div><\/div><\/div>","protected":false},"excerpt":{"rendered":"<p>A implementa\u00e7\u00e3o de tecnologia em uma organiza\u00e7\u00e3o multinacional n\u00e3o \u00e9 uma tarefa simples. A Sycomp se destaca por alinhar as metas comerciais e as estrat\u00e9gias de TI com solu\u00e7\u00f5es tecnol\u00f3gicas avan\u00e7adas. Nossa equipe navega pelas complexidades e verifica cada requisito. Desde obst\u00e1culos de seguran\u00e7a e integra\u00e7\u00e3o at\u00e9 benchmarks de ROI e escalabilidade, nossos experientes arquitetos de solu\u00e7\u00f5es, engenheiros, especialistas em log\u00edstica e gerentes de projeto colaboram com parceiros OEM de classe mundial para resolver todos os desafios...<\/p>","protected":false},"author":1,"featured_media":0,"parent":0,"menu_order":20,"comment_status":"closed","ping_status":"closed","template":"template-blank-4.php","meta":{"_acf_changed":false,"content-type":"","rs_blank_template":"","rs_page_bg_color":"","slide_template_v7":"","footnotes":""},"class_list":["post-117","page","type-page","status-publish","hentry","no-post-thumbnail"],"acf":[],"yoast_head":"<!-- This site is optimized with the Yoast SEO Premium plugin v27.3 (Yoast SEO v27.3) - https:\/\/yoast.com\/product\/yoast-seo-premium-wordpress\/ -->\n<title>Innovative Solutions by Sycomp | Cloud, AI &amp; More<\/title>\n<meta name=\"description\" content=\"Discover Sycomp\u2019s innovative technology solutions in cloud, AI, security, and more, tailored to enhance operational efficiency and technology infrastructure.\" \/>\n<meta name=\"robots\" content=\"index, follow, max-snippet:-1, max-image-preview:large, max-video-preview:-1\" \/>\n<link rel=\"canonical\" href=\"https:\/\/sycomp.com\/pt\/solucoes\/\" \/>\n<meta property=\"og:locale\" content=\"pt_BR\" \/>\n<meta property=\"og:type\" content=\"article\" \/>\n<meta property=\"og:title\" content=\"Solutions\" \/>\n<meta property=\"og:description\" content=\"Discover Sycomp\u2019s innovative technology solutions in cloud, AI, security, and more, tailored to enhance operational efficiency and technology infrastructure.\" \/>\n<meta property=\"og:url\" content=\"https:\/\/sycomp.com\/pt\/solucoes\/\" \/>\n<meta property=\"og:site_name\" content=\"Sycomp Inc\" \/>\n<meta property=\"article:modified_time\" content=\"2024-11-25T14:43:32+00:00\" \/>\n<meta name=\"twitter:card\" content=\"summary_large_image\" \/>\n<meta name=\"twitter:label1\" content=\"Est. reading time\" \/>\n\t<meta name=\"twitter:data1\" content=\"2 minutos\" \/>\n<script type=\"application\/ld+json\" class=\"yoast-schema-graph\">{\"@context\":\"https:\\\/\\\/schema.org\",\"@graph\":[{\"@type\":\"WebPage\",\"@id\":\"https:\\\/\\\/sycomp.com\\\/solutions\\\/\",\"url\":\"https:\\\/\\\/sycomp.com\\\/solutions\\\/\",\"name\":\"Innovative Solutions by Sycomp | Cloud, AI & More\",\"isPartOf\":{\"@id\":\"https:\\\/\\\/sycomp.com\\\/#website\"},\"datePublished\":\"2024-08-19T18:48:34+00:00\",\"dateModified\":\"2024-11-25T14:43:32+00:00\",\"description\":\"Discover Sycomp\u2019s innovative technology solutions in cloud, AI, security, and more, tailored to enhance operational efficiency and technology infrastructure.\",\"breadcrumb\":{\"@id\":\"https:\\\/\\\/sycomp.com\\\/solutions\\\/#breadcrumb\"},\"inLanguage\":\"pt-BR\",\"potentialAction\":[{\"@type\":\"ReadAction\",\"target\":[\"https:\\\/\\\/sycomp.com\\\/solutions\\\/\"]}]},{\"@type\":\"BreadcrumbList\",\"@id\":\"https:\\\/\\\/sycomp.com\\\/solutions\\\/#breadcrumb\",\"itemListElement\":[{\"@type\":\"ListItem\",\"position\":1,\"name\":\"Home\",\"item\":\"https:\\\/\\\/sycomp.com\\\/\"},{\"@type\":\"ListItem\",\"position\":2,\"name\":\"Solutions\"}]},{\"@type\":\"WebSite\",\"@id\":\"https:\\\/\\\/sycomp.com\\\/#website\",\"url\":\"https:\\\/\\\/sycomp.com\\\/\",\"name\":\"Sycomp Inc\",\"description\":\"\",\"potentialAction\":[{\"@type\":\"SearchAction\",\"target\":{\"@type\":\"EntryPoint\",\"urlTemplate\":\"https:\\\/\\\/sycomp.com\\\/?s={search_term_string}\"},\"query-input\":{\"@type\":\"PropertyValueSpecification\",\"valueRequired\":true,\"valueName\":\"search_term_string\"}}],\"inLanguage\":\"pt-BR\"}]}<\/script>\n<!-- \/ Yoast SEO Premium plugin. -->","yoast_head_json":{"title":"Solu\u00e7\u00f5es inovadoras do Sycomp | Cloud, AI e mais","description":"Descubra as solu\u00e7\u00f5es tecnol\u00f3gicas inovadoras do Sycomp em cloud, AI, seguran\u00e7a e muito mais, adaptadas para aprimorar a efici\u00eancia operacional e a infraestrutura tecnol\u00f3gica.","robots":{"index":"index","follow":"follow","max-snippet":"max-snippet:-1","max-image-preview":"max-image-preview:large","max-video-preview":"max-video-preview:-1"},"canonical":"https:\/\/sycomp.com\/pt\/solucoes\/","og_locale":"pt_BR","og_type":"article","og_title":"Solutions","og_description":"Discover Sycomp\u2019s innovative technology solutions in cloud, AI, security, and more, tailored to enhance operational efficiency and technology infrastructure.","og_url":"https:\/\/sycomp.com\/pt\/solucoes\/","og_site_name":"Sycomp Inc","article_modified_time":"2024-11-25T14:43:32+00:00","twitter_card":"summary_large_image","twitter_misc":{"Est. reading time":"2 minutos"},"schema":{"@context":"https:\/\/schema.org","@graph":[{"@type":"WebPage","@id":"https:\/\/sycomp.com\/solutions\/","url":"https:\/\/sycomp.com\/solutions\/","name":"Solu\u00e7\u00f5es inovadoras do Sycomp | Cloud, AI e mais","isPartOf":{"@id":"https:\/\/sycomp.com\/#website"},"datePublished":"2024-08-19T18:48:34+00:00","dateModified":"2024-11-25T14:43:32+00:00","description":"Descubra as solu\u00e7\u00f5es tecnol\u00f3gicas inovadoras do Sycomp em cloud, AI, seguran\u00e7a e muito mais, adaptadas para aprimorar a efici\u00eancia operacional e a infraestrutura tecnol\u00f3gica.","breadcrumb":{"@id":"https:\/\/sycomp.com\/solutions\/#breadcrumb"},"inLanguage":"pt-BR","potentialAction":[{"@type":"ReadAction","target":["https:\/\/sycomp.com\/solutions\/"]}]},{"@type":"BreadcrumbList","@id":"https:\/\/sycomp.com\/solutions\/#breadcrumb","itemListElement":[{"@type":"ListItem","position":1,"name":"Home","item":"https:\/\/sycomp.com\/"},{"@type":"ListItem","position":2,"name":"Solutions"}]},{"@type":"WebSite","@id":"https:\/\/sycomp.com\/#website","url":"https:\/\/sycomp.com\/","name":"Sycomp Inc","description":"","potentialAction":[{"@type":"SearchAction","target":{"@type":"EntryPoint","urlTemplate":"https:\/\/sycomp.com\/?s={search_term_string}"},"query-input":{"@type":"PropertyValueSpecification","valueRequired":true,"valueName":"search_term_string"}}],"inLanguage":"pt-BR"}]}},"_links":{"self":[{"href":"https:\/\/sycomp.com\/pt\/wp-json\/wp\/v2\/pages\/117","targetHints":{"allow":["GET"]}}],"collection":[{"href":"https:\/\/sycomp.com\/pt\/wp-json\/wp\/v2\/pages"}],"about":[{"href":"https:\/\/sycomp.com\/pt\/wp-json\/wp\/v2\/types\/page"}],"author":[{"embeddable":true,"href":"https:\/\/sycomp.com\/pt\/wp-json\/wp\/v2\/users\/1"}],"replies":[{"embeddable":true,"href":"https:\/\/sycomp.com\/pt\/wp-json\/wp\/v2\/comments?post=117"}],"version-history":[{"count":0,"href":"https:\/\/sycomp.com\/pt\/wp-json\/wp\/v2\/pages\/117\/revisions"}],"wp:attachment":[{"href":"https:\/\/sycomp.com\/pt\/wp-json\/wp\/v2\/media?parent=117"}],"curies":[{"name":"wp","href":"https:\/\/api.w.org\/{rel}","templated":true}]}}