{"id":304,"date":"2024-09-04T12:25:16","date_gmt":"2024-09-04T19:25:16","guid":{"rendered":"https:\/\/sycomp.com\/?page_id=304"},"modified":"2024-11-25T06:38:23","modified_gmt":"2024-11-25T14:38:23","slug":"pongase-en-contacto-con","status":"publish","type":"page","link":"https:\/\/sycomp.com\/es\/pongase-en-contacto-con\/","title":{"rendered":"P\u00f3ngase en contacto con"},"content":{"rendered":"<div id=\"cs-content\" class=\"cs-content\"><div class=\"x-section e304-e1-v0 m8g-0 m8g-1\" style=\"--tco-dc8g-0:url(https:\/\/sycomp.com\/wp-content\/uploads\/2024\/11\/support.jpg);--tco-dc8g-1:50%;--tco-dc8g-2:50%;\"><div class=\"x-bg\" aria-hidden=\"true\"><div class=\"x-bg-layer-lower-image\"><\/div><div class=\"x-bg-layer-upper-color\"><\/div><\/div><div class=\"x-row x-container max width e304-e1-v1 m8g-3 m8g-4 m8g-6 m8g-7\"><div class=\"x-row-inner\"><div class=\"x-col e304-e1-v2 m8g-9 m8g-a\"><div class=\"x-text x-text-headline e304-e1-v3 m8g-b m8g-c\"><div class=\"x-text-content\"><div class=\"x-text-content-text\"><h1 class=\"x-text-content-text-primary\">P\u00f3ngase en contacto con<\/h1>\n<\/div><\/div><\/div><\/div><\/div><\/div><\/div><div class=\"x-section e304-e2 m8g-0 m8g-2\"><div class=\"x-row x-container max width e304-e3 m8g-3 m8g-5 m8g-6 m8g-8\"><div class=\"x-row-inner\"><div class=\"x-col e304-e4 m8g-a\"><div class=\"x-text x-text-headline e304-e5 m8g-c m8g-d dual-weight-headline\"><div class=\"x-text-content\"><div class=\"x-text-content-text\"><h2 class=\"x-text-content-text-primary\">Vayamos juntos<\/h2>\n<\/div><\/div><\/div><div class=\"x-text x-content e304-e6 m8g-e translation-block\">P\u00f3ngase en contacto con nuestro equipo hoy mismo para saber c\u00f3mo Sycomp puede ayudarle a llegar a donde desea. Si usted es un cliente que necesita soporte de su equipo Sycomp, por favor visite nuestro portal <a href=\"https:\/\/sycomp.com\/es\/atencion-al-cliente\/\" target=\"_self\">Soporte al Cliente<\/a>.<\/div><div class=\"x-div e304-e7 m8g-f\"><script charset=\"utf-8\" type=\"text\/javascript\" src=\"\/\/js.hsforms.net\/forms\/embed\/v2.js\"><\/script>\n<script>\n  hbspt.forms.create({\n    region: \"na1\",\n    portalId: \"8836699\",\n    formId: \"4ac2a180-fb76-4202-8ba0-f1f3242f3eba\"\n  });\n<\/script>\n<\/div><\/div><\/div><\/div><\/div><\/div>","protected":false},"excerpt":{"rendered":"<p class=\"translation-block\">P\u00f3ngase en contacto con nuestro equipo hoy mismo para saber c\u00f3mo Sycomp puede ayudarle a llegar a donde desea. Si usted es un cliente que necesita soporte de su equipo Sycomp, por favor visite nuestro portal <a href=\"https:\/\/sycomp.com\/es\/atencion-al-cliente\/\" target=\"_self\">Soporte al Cliente<\/a>.<\/p>","protected":false},"author":1,"featured_media":0,"parent":0,"menu_order":8,"comment_status":"closed","ping_status":"closed","template":"template-blank-4.php","meta":{"_acf_changed":false,"content-type":"","rs_blank_template":"","rs_page_bg_color":"","slide_template_v7":"","footnotes":""},"class_list":["post-304","page","type-page","status-publish","hentry","no-post-thumbnail"],"acf":[],"yoast_head":"<!-- This site is optimized with the Yoast SEO Premium plugin v27.3 (Yoast SEO v27.3) - https:\/\/yoast.com\/product\/yoast-seo-premium-wordpress\/ -->\n<title>Contact Sycomp | Global Technology Solutions<\/title>\n<meta name=\"description\" content=\"Reach out to Sycomp for tailored technology solutions or contact our customer support team for help with your services.\" \/>\n<meta name=\"robots\" content=\"index, follow, max-snippet:-1, max-image-preview:large, max-video-preview:-1\" \/>\n<link rel=\"canonical\" href=\"https:\/\/sycomp.com\/es\/pongase-en-contacto-con\/\" \/>\n<meta property=\"og:locale\" content=\"es_MX\" \/>\n<meta property=\"og:type\" content=\"article\" \/>\n<meta property=\"og:title\" content=\"Contact\" \/>\n<meta property=\"og:description\" content=\"Reach out to Sycomp for tailored technology solutions or contact our customer support team for help with your services.\" \/>\n<meta property=\"og:url\" content=\"https:\/\/sycomp.com\/es\/pongase-en-contacto-con\/\" \/>\n<meta property=\"og:site_name\" content=\"Sycomp Inc\" \/>\n<meta property=\"article:modified_time\" content=\"2024-11-25T14:38:23+00:00\" \/>\n<meta name=\"twitter:card\" content=\"summary_large_image\" \/>\n<meta name=\"twitter:label1\" content=\"Est. reading time\" \/>\n\t<meta name=\"twitter:data1\" content=\"1 minuto\" \/>\n<script type=\"application\/ld+json\" class=\"yoast-schema-graph\">{\"@context\":\"https:\\\/\\\/schema.org\",\"@graph\":[{\"@type\":\"WebPage\",\"@id\":\"https:\\\/\\\/sycomp.com\\\/contact\\\/\",\"url\":\"https:\\\/\\\/sycomp.com\\\/contact\\\/\",\"name\":\"Contact Sycomp | Global Technology Solutions\",\"isPartOf\":{\"@id\":\"https:\\\/\\\/sycomp.com\\\/#website\"},\"datePublished\":\"2024-09-04T19:25:16+00:00\",\"dateModified\":\"2024-11-25T14:38:23+00:00\",\"description\":\"Reach out to Sycomp for tailored technology solutions or contact our customer support team for help with your services.\",\"breadcrumb\":{\"@id\":\"https:\\\/\\\/sycomp.com\\\/contact\\\/#breadcrumb\"},\"inLanguage\":\"es\",\"potentialAction\":[{\"@type\":\"ReadAction\",\"target\":[\"https:\\\/\\\/sycomp.com\\\/contact\\\/\"]}]},{\"@type\":\"BreadcrumbList\",\"@id\":\"https:\\\/\\\/sycomp.com\\\/contact\\\/#breadcrumb\",\"itemListElement\":[{\"@type\":\"ListItem\",\"position\":1,\"name\":\"Home\",\"item\":\"https:\\\/\\\/sycomp.com\\\/\"},{\"@type\":\"ListItem\",\"position\":2,\"name\":\"Contact\"}]},{\"@type\":\"WebSite\",\"@id\":\"https:\\\/\\\/sycomp.com\\\/#website\",\"url\":\"https:\\\/\\\/sycomp.com\\\/\",\"name\":\"Sycomp Inc\",\"description\":\"\",\"potentialAction\":[{\"@type\":\"SearchAction\",\"target\":{\"@type\":\"EntryPoint\",\"urlTemplate\":\"https:\\\/\\\/sycomp.com\\\/?s={search_term_string}\"},\"query-input\":{\"@type\":\"PropertyValueSpecification\",\"valueRequired\":true,\"valueName\":\"search_term_string\"}}],\"inLanguage\":\"es\"}]}<\/script>\n<!-- \/ Yoast SEO Premium plugin. -->","yoast_head_json":{"title":"Contacto Sycomp | Soluciones tecnol\u00f3gicas globales","description":"P\u00f3ngase en contacto con Sycomp para obtener soluciones tecnol\u00f3gicas a medida o con nuestro equipo de atenci\u00f3n al cliente para obtener ayuda con sus servicios.","robots":{"index":"index","follow":"follow","max-snippet":"max-snippet:-1","max-image-preview":"max-image-preview:large","max-video-preview":"max-video-preview:-1"},"canonical":"https:\/\/sycomp.com\/es\/pongase-en-contacto-con\/","og_locale":"es_MX","og_type":"article","og_title":"Contact","og_description":"Reach out to Sycomp for tailored technology solutions or contact our customer support team for help with your services.","og_url":"https:\/\/sycomp.com\/es\/pongase-en-contacto-con\/","og_site_name":"Sycomp Inc","article_modified_time":"2024-11-25T14:38:23+00:00","twitter_card":"summary_large_image","twitter_misc":{"Est. reading time":"1 minuto"},"schema":{"@context":"https:\/\/schema.org","@graph":[{"@type":"WebPage","@id":"https:\/\/sycomp.com\/contact\/","url":"https:\/\/sycomp.com\/contact\/","name":"Contacto Sycomp | Soluciones tecnol\u00f3gicas globales","isPartOf":{"@id":"https:\/\/sycomp.com\/#website"},"datePublished":"2024-09-04T19:25:16+00:00","dateModified":"2024-11-25T14:38:23+00:00","description":"P\u00f3ngase en contacto con Sycomp para obtener soluciones tecnol\u00f3gicas a medida o con nuestro equipo de atenci\u00f3n al cliente para obtener ayuda con sus servicios.","breadcrumb":{"@id":"https:\/\/sycomp.com\/contact\/#breadcrumb"},"inLanguage":"es","potentialAction":[{"@type":"ReadAction","target":["https:\/\/sycomp.com\/contact\/"]}]},{"@type":"BreadcrumbList","@id":"https:\/\/sycomp.com\/contact\/#breadcrumb","itemListElement":[{"@type":"ListItem","position":1,"name":"Home","item":"https:\/\/sycomp.com\/"},{"@type":"ListItem","position":2,"name":"Contact"}]},{"@type":"WebSite","@id":"https:\/\/sycomp.com\/#website","url":"https:\/\/sycomp.com\/","name":"Sycomp Inc","description":"","potentialAction":[{"@type":"SearchAction","target":{"@type":"EntryPoint","urlTemplate":"https:\/\/sycomp.com\/?s={search_term_string}"},"query-input":{"@type":"PropertyValueSpecification","valueRequired":true,"valueName":"search_term_string"}}],"inLanguage":"es"}]}},"_links":{"self":[{"href":"https:\/\/sycomp.com\/es\/wp-json\/wp\/v2\/pages\/304","targetHints":{"allow":["GET"]}}],"collection":[{"href":"https:\/\/sycomp.com\/es\/wp-json\/wp\/v2\/pages"}],"about":[{"href":"https:\/\/sycomp.com\/es\/wp-json\/wp\/v2\/types\/page"}],"author":[{"embeddable":true,"href":"https:\/\/sycomp.com\/es\/wp-json\/wp\/v2\/users\/1"}],"replies":[{"embeddable":true,"href":"https:\/\/sycomp.com\/es\/wp-json\/wp\/v2\/comments?post=304"}],"version-history":[{"count":0,"href":"https:\/\/sycomp.com\/es\/wp-json\/wp\/v2\/pages\/304\/revisions"}],"wp:attachment":[{"href":"https:\/\/sycomp.com\/es\/wp-json\/wp\/v2\/media?parent=304"}],"curies":[{"name":"wp","href":"https:\/\/api.w.org\/{rel}","templated":true}]}}