{"id":212,"date":"2024-08-21T02:23:41","date_gmt":"2024-08-21T02:23:41","guid":{"rendered":"https:\/\/sycomp.com\/?page_id=212"},"modified":"2024-12-04T10:31:05","modified_gmt":"2024-12-04T18:31:05","slug":"servicios","status":"publish","type":"page","link":"https:\/\/sycomp.com\/es\/servicios\/","title":{"rendered":"Servicios"},"content":{"rendered":"<div id=\"cs-content\" class=\"cs-content\"><div class=\"x-section e212-e1-v0 m5w-0 m5w-1\" style=\"--tco-dc5w-0:url(https:\/\/sycomp.com\/wp-content\/uploads\/2024\/09\/Sycomp-banners-Teal8-Services.png);--tco-dc5w-1:50%;--tco-dc5w-2:50%;\"><div class=\"x-bg\" aria-hidden=\"true\"><div class=\"x-bg-layer-lower-image\"><\/div><div class=\"x-bg-layer-upper-color\"><\/div><\/div><div class=\"x-row x-container max width e212-e1-v1 m5w-b m5w-c m5w-d m5w-e m5w-f m5w-g m5w-l m5w-m\"><div class=\"x-row-inner\"><div class=\"x-col e212-e1-v2 m5w-s m5w-t m5w-u m5w-v\"><div class=\"x-text x-text-headline e212-e1-v3 m5w-y m5w-z m5w-10 m5w-11\"><div class=\"x-text-content\"><div class=\"x-text-content-text\"><h1 class=\"x-text-content-text-primary\">Servicios<\/h1>\n<\/div><\/div><\/div><\/div><\/div><\/div><\/div><div class=\"x-section e212-e2 m5w-0 m5w-2 m5w-3\"><div class=\"x-row x-container max width e212-e3 m5w-b m5w-c m5w-h m5w-i m5w-n m5w-o\"><div class=\"x-row-inner\"><div class=\"x-col e212-e4 m5w-s m5w-u m5w-v m5w-w\"><div class=\"x-text x-text-headline e212-e5 m5w-10 m5w-12 m5w-13 m5w-14\"><div class=\"x-text-content\"><div class=\"x-text-content-text\"><h2 class=\"x-text-content-text-primary translation-block\">Servicios profesionales y gestionados expertos <span>que optimizan el rendimiento empresarial<\/span><\/h2>\n<\/div><\/div><\/div><div class=\"x-text x-content e212-e6 m5w-17\">Gestionar la multitud de sistemas tecnol\u00f3gicos necesarios para operar a escala mundial es una tarea que requiere 24 horas al d\u00eda, 7 d\u00edas a la semana, 365 d\u00edas al a\u00f1o. Sycomp optimiza el rendimiento empresarial apoyando la innovaci\u00f3n, integraci\u00f3n y gesti\u00f3n de las soluciones tecnol\u00f3gicas necesarias para proporcionar una l\u00ednea de visi\u00f3n a trav\u00e9s de la infraestructura de TI y seguridad de la empresa. Desde simplificar la integraci\u00f3n global y la log\u00edstica hasta proporcionar supervisi\u00f3n de sistemas complejos y aumento de personal, nuestro equipo de expertos agiliza la tecnolog\u00eda global aprovechando nuestros recursos avanzados, infraestructura \u00e1gil y procesos probados.<\/div><\/div><\/div><\/div><\/div><div class=\"x-section e212-e7-v0 m5w-0 m5w-3 m5w-4 m5w-9\"><div class=\"x-row x-container max width e212-e7-v1 m5w-b m5w-d m5w-g m5w-i m5w-j m5w-l m5w-p\"><div class=\"x-row-inner\"><div class=\"x-col e212-e7-v2 m5w-u m5w-v\"><div class=\"x-text x-text-headline e212-e7-v3 m5w-10 m5w-11 m5w-12 m5w-15\"><div class=\"x-text-content\"><div class=\"x-text-content-text\"><h3 class=\"x-text-content-text-primary\">Servicios<\/h3>\n<\/div><\/div><\/div><div class=\"x-row e212-e7-v4 m5w-b m5w-c m5w-d m5w-e m5w-k m5w-q\"><div class=\"x-row-inner\"><a class=\"x-col e212-e7-v5 m5w-u m5w-x m5w-6\" style=\"--tco-dc5w-3:url(https:\/\/sycomp.com\/wp-content\/uploads\/2024\/08\/13.jpg);\" href=\"https:\/\/sycomp.com\/es\/servicio\/logistica-de-integracion-global\/\" data-x-effect-provider=\"colors effects particles\" data-x-effect=\"{&quot;durationBase&quot;:&quot;300ms&quot;}\"><div class=\"x-bg\" aria-hidden=\"true\" style=\"border-radius: 24px;\"><div class=\"x-bg-layer-lower-image\"><\/div><div class=\"x-bg-layer-upper-color\"><\/div><\/div><div class=\"x-div e212-e7-v6 m5w-18 m5w-6 m5w-7\" data-x-effect=\"{&quot;durationBase&quot;:&quot;300ms&quot;}\"><hr class=\"x-line e212-e7-v7 m5w-19 m5w-6 m5w-8\" data-x-effect=\"{&quot;durationBase&quot;:&quot;300ms&quot;}\"\/><div class=\"x-text x-text-headline e212-e7-v8 m5w-z m5w-10 m5w-14 m5w-16\"><div class=\"x-text-content\"><div class=\"x-text-content-text\"><h4 class=\"x-text-content-text-primary\">Integraci\u00f3n global y log\u00edstica<\/h4>\n<\/div><\/div><\/div><\/div><\/a><a class=\"x-col e212-e7-v5 m5w-u m5w-x m5w-6\" style=\"--tco-dc5w-3:url(https:\/\/sycomp.com\/wp-content\/uploads\/2024\/08\/2-1.jpg);\" href=\"https:\/\/sycomp.com\/es\/servicio\/servicios-profesionales\/\" data-x-effect-provider=\"colors effects particles\" data-x-effect=\"{&quot;durationBase&quot;:&quot;300ms&quot;}\"><div class=\"x-bg\" aria-hidden=\"true\" style=\"border-radius: 24px;\"><div class=\"x-bg-layer-lower-image\"><\/div><div class=\"x-bg-layer-upper-color\"><\/div><\/div><div class=\"x-div e212-e7-v6 m5w-18 m5w-6 m5w-7\" data-x-effect=\"{&quot;durationBase&quot;:&quot;300ms&quot;}\"><hr class=\"x-line e212-e7-v7 m5w-19 m5w-6 m5w-8\" data-x-effect=\"{&quot;durationBase&quot;:&quot;300ms&quot;}\"\/><div class=\"x-text x-text-headline e212-e7-v8 m5w-z m5w-10 m5w-14 m5w-16\"><div class=\"x-text-content\"><div class=\"x-text-content-text\"><h4 class=\"x-text-content-text-primary\">Professional Services<\/h4>\n<\/div><\/div><\/div><\/div><\/a><a class=\"x-col e212-e7-v5 m5w-u m5w-x m5w-6\" style=\"--tco-dc5w-3:url(https:\/\/sycomp.com\/wp-content\/uploads\/2024\/08\/3-1.jpg);\" href=\"https:\/\/sycomp.com\/es\/servicio\/servicios-gestionados\/\" data-x-effect-provider=\"colors effects particles\" data-x-effect=\"{&quot;durationBase&quot;:&quot;300ms&quot;}\"><div class=\"x-bg\" aria-hidden=\"true\" style=\"border-radius: 24px;\"><div class=\"x-bg-layer-lower-image\"><\/div><div class=\"x-bg-layer-upper-color\"><\/div><\/div><div class=\"x-div e212-e7-v6 m5w-18 m5w-6 m5w-7\" data-x-effect=\"{&quot;durationBase&quot;:&quot;300ms&quot;}\"><hr class=\"x-line e212-e7-v7 m5w-19 m5w-6 m5w-8\" data-x-effect=\"{&quot;durationBase&quot;:&quot;300ms&quot;}\"\/><div class=\"x-text x-text-headline e212-e7-v8 m5w-z m5w-10 m5w-14 m5w-16\"><div class=\"x-text-content\"><div class=\"x-text-content-text\"><h4 class=\"x-text-content-text-primary\">Managed Services<\/h4>\n<\/div><\/div><\/div><\/div><\/a><a class=\"x-col e212-e7-v5 m5w-u m5w-x m5w-6\" style=\"--tco-dc5w-3:url(https:\/\/sycomp.com\/wp-content\/uploads\/2024\/08\/14.jpg);\" href=\"https:\/\/sycomp.com\/es\/servicio\/mostrador-de-servicio\/\" data-x-effect-provider=\"colors effects particles\" data-x-effect=\"{&quot;durationBase&quot;:&quot;300ms&quot;}\"><div class=\"x-bg\" aria-hidden=\"true\" style=\"border-radius: 24px;\"><div class=\"x-bg-layer-lower-image\"><\/div><div class=\"x-bg-layer-upper-color\"><\/div><\/div><div class=\"x-div e212-e7-v6 m5w-18 m5w-6 m5w-7\" data-x-effect=\"{&quot;durationBase&quot;:&quot;300ms&quot;}\"><hr class=\"x-line e212-e7-v7 m5w-19 m5w-6 m5w-8\" data-x-effect=\"{&quot;durationBase&quot;:&quot;300ms&quot;}\"\/><div class=\"x-text x-text-headline e212-e7-v8 m5w-z m5w-10 m5w-14 m5w-16\"><div class=\"x-text-content\"><div class=\"x-text-content-text\"><h4 class=\"x-text-content-text-primary\">Service Desk<\/h4>\n<\/div><\/div><\/div><\/div><\/a><a class=\"x-col e212-e7-v5 m5w-u m5w-x m5w-6\" style=\"--tco-dc5w-3:url(https:\/\/sycomp.com\/wp-content\/uploads\/2024\/08\/15.jpg);\" href=\"https:\/\/sycomp.com\/es\/servicio\/gestion-de-programas\/\" data-x-effect-provider=\"colors effects particles\" data-x-effect=\"{&quot;durationBase&quot;:&quot;300ms&quot;}\"><div class=\"x-bg\" aria-hidden=\"true\" style=\"border-radius: 24px;\"><div class=\"x-bg-layer-lower-image\"><\/div><div class=\"x-bg-layer-upper-color\"><\/div><\/div><div class=\"x-div e212-e7-v6 m5w-18 m5w-6 m5w-7\" data-x-effect=\"{&quot;durationBase&quot;:&quot;300ms&quot;}\"><hr class=\"x-line e212-e7-v7 m5w-19 m5w-6 m5w-8\" data-x-effect=\"{&quot;durationBase&quot;:&quot;300ms&quot;}\"\/><div class=\"x-text x-text-headline e212-e7-v8 m5w-z m5w-10 m5w-14 m5w-16\"><div class=\"x-text-content\"><div class=\"x-text-content-text\"><h4 class=\"x-text-content-text-primary\">Gesti\u00f3n de programas<\/h4>\n<\/div><\/div><\/div><\/div><\/a><\/div><\/div><\/div><\/div><\/div><\/div><div class=\"x-section e212-e8-v0 m5w-0 m5w-3 m5w-5 m5w-a\"><div class=\"x-row x-container max width e212-e8-v1 m5w-b m5w-c m5w-h m5w-i m5w-n m5w-r\"><div class=\"x-row-inner\"><div class=\"x-col e212-e8-v2 m5w-s m5w-u m5w-v m5w-w\"><div class=\"x-text x-text-headline e212-e8-v3 m5w-10 m5w-12 m5w-13 m5w-14\"><div class=\"x-text-content\"><div class=\"x-text-content-text\"><h2 class=\"x-text-content-text-primary translation-block\">Experimente un mundo <span>sin fronteras<\/span><\/h2>\n<\/div><\/div><\/div><div class=\"x-text x-content e212-e8-v4 m5w-17\">Estrat\u00e9gicamente posicionado para la asistencia a empresas, Sycomp combina la amplia experiencia de un equipo integrado globalmente con el valor de la asistencia localizada en regiones clave de todo el mundo.<\/div><a class=\"x-anchor x-anchor-button x-hide-md x-hide-sm x-hide-xs e212-e8-v5 m5w-1a\" tabindex=\"0\" href=\"https:\/\/sycomp.com\/es\/lugares\/\"><div class=\"x-anchor-content\"><div class=\"x-anchor-text\"><span class=\"x-anchor-text-primary\">Descubra nuestras sedes<\/span><\/div><\/div><\/a><\/div><div class=\"x-col e212-e8-v6 m5w-s m5w-u m5w-v m5w-w\"><span class=\"x-image e212-e8-v7 m5w-1b\"><img decoding=\"async\" src=\"https:\/\/sycomp.com\/wp-content\/uploads\/2024\/12\/map-4.png\" width=\"2401\" height=\"1519\" alt=\"Imagen\" loading=\"lazy\"><\/span><\/div><\/div><\/div><\/div><\/div>","protected":false},"excerpt":{"rendered":"<p>Gestionar la multitud de sistemas tecnol\u00f3gicos necesarios para operar a escala mundial es una tarea que requiere 24 horas al d\u00eda, 7 d\u00edas a la semana, 365 d\u00edas al a\u00f1o. Sycomp optimiza el rendimiento empresarial apoyando la innovaci\u00f3n, integraci\u00f3n y gesti\u00f3n de las soluciones tecnol\u00f3gicas necesarias para proporcionar una l\u00ednea de visi\u00f3n a trav\u00e9s de la infraestructura de TI y seguridad de la empresa. Desde la simplificaci\u00f3n de la integraci\u00f3n y la log\u00edstica globales hasta la supervisi\u00f3n de sistemas complejos y el aumento de personal, nuestro equipo de expertos...<\/p>","protected":false},"author":1,"featured_media":0,"parent":0,"menu_order":19,"comment_status":"closed","ping_status":"closed","template":"template-blank-4.php","meta":{"_acf_changed":false,"content-type":"","rs_blank_template":"","rs_page_bg_color":"","slide_template_v7":"","footnotes":""},"class_list":["post-212","page","type-page","status-publish","hentry","no-post-thumbnail"],"acf":[],"yoast_head":"<!-- This site is optimized with the Yoast SEO Premium plugin v27.3 (Yoast SEO v27.3) - https:\/\/yoast.com\/product\/yoast-seo-premium-wordpress\/ -->\n<title>Professional Services by Sycomp | Global Solutions<\/title>\n<meta name=\"description\" content=\"Sycomp provides professional IT services, including global integration, managed services, and IT consulting, to optimize business performance worldwide.\" \/>\n<meta name=\"robots\" content=\"index, follow, max-snippet:-1, max-image-preview:large, max-video-preview:-1\" \/>\n<link rel=\"canonical\" href=\"https:\/\/sycomp.com\/es\/servicios\/\" \/>\n<meta property=\"og:locale\" content=\"es_MX\" \/>\n<meta property=\"og:type\" content=\"article\" \/>\n<meta property=\"og:title\" content=\"Services\" \/>\n<meta property=\"og:description\" content=\"Sycomp provides professional IT services, including global integration, managed services, and IT consulting, to optimize business performance worldwide.\" \/>\n<meta property=\"og:url\" content=\"https:\/\/sycomp.com\/es\/servicios\/\" \/>\n<meta property=\"og:site_name\" content=\"Sycomp Inc\" \/>\n<meta property=\"article:modified_time\" content=\"2024-12-04T18:31:05+00:00\" \/>\n<meta name=\"twitter:card\" content=\"summary_large_image\" \/>\n<meta name=\"twitter:label1\" content=\"Est. reading time\" \/>\n\t<meta name=\"twitter:data1\" content=\"2 minutos\" \/>\n<script type=\"application\/ld+json\" class=\"yoast-schema-graph\">{\"@context\":\"https:\\\/\\\/schema.org\",\"@graph\":[{\"@type\":\"WebPage\",\"@id\":\"https:\\\/\\\/sycomp.com\\\/services\\\/\",\"url\":\"https:\\\/\\\/sycomp.com\\\/services\\\/\",\"name\":\"Professional Services by Sycomp | Global Solutions\",\"isPartOf\":{\"@id\":\"https:\\\/\\\/sycomp.com\\\/#website\"},\"datePublished\":\"2024-08-21T02:23:41+00:00\",\"dateModified\":\"2024-12-04T18:31:05+00:00\",\"description\":\"Sycomp provides professional IT services, including global integration, managed services, and IT consulting, to optimize business performance worldwide.\",\"breadcrumb\":{\"@id\":\"https:\\\/\\\/sycomp.com\\\/services\\\/#breadcrumb\"},\"inLanguage\":\"es\",\"potentialAction\":[{\"@type\":\"ReadAction\",\"target\":[\"https:\\\/\\\/sycomp.com\\\/services\\\/\"]}]},{\"@type\":\"BreadcrumbList\",\"@id\":\"https:\\\/\\\/sycomp.com\\\/services\\\/#breadcrumb\",\"itemListElement\":[{\"@type\":\"ListItem\",\"position\":1,\"name\":\"Home\",\"item\":\"https:\\\/\\\/sycomp.com\\\/\"},{\"@type\":\"ListItem\",\"position\":2,\"name\":\"Services\"}]},{\"@type\":\"WebSite\",\"@id\":\"https:\\\/\\\/sycomp.com\\\/#website\",\"url\":\"https:\\\/\\\/sycomp.com\\\/\",\"name\":\"Sycomp Inc\",\"description\":\"\",\"potentialAction\":[{\"@type\":\"SearchAction\",\"target\":{\"@type\":\"EntryPoint\",\"urlTemplate\":\"https:\\\/\\\/sycomp.com\\\/?s={search_term_string}\"},\"query-input\":{\"@type\":\"PropertyValueSpecification\",\"valueRequired\":true,\"valueName\":\"search_term_string\"}}],\"inLanguage\":\"es\"}]}<\/script>\n<!-- \/ Yoast SEO Premium plugin. -->","yoast_head_json":{"title":"Professional Services por Sycomp | Soluciones globales","description":"Sycomp ofrece servicios profesionales de TI, como integraci\u00f3n global, managed services y consultor\u00eda de TI, para optimizar el rendimiento empresarial en todo el mundo.","robots":{"index":"index","follow":"follow","max-snippet":"max-snippet:-1","max-image-preview":"max-image-preview:large","max-video-preview":"max-video-preview:-1"},"canonical":"https:\/\/sycomp.com\/es\/servicios\/","og_locale":"es_MX","og_type":"article","og_title":"Services","og_description":"Sycomp provides professional IT services, including global integration, managed services, and IT consulting, to optimize business performance worldwide.","og_url":"https:\/\/sycomp.com\/es\/servicios\/","og_site_name":"Sycomp Inc","article_modified_time":"2024-12-04T18:31:05+00:00","twitter_card":"summary_large_image","twitter_misc":{"Est. reading time":"2 minutos"},"schema":{"@context":"https:\/\/schema.org","@graph":[{"@type":"WebPage","@id":"https:\/\/sycomp.com\/services\/","url":"https:\/\/sycomp.com\/services\/","name":"Professional Services por Sycomp | Soluciones globales","isPartOf":{"@id":"https:\/\/sycomp.com\/#website"},"datePublished":"2024-08-21T02:23:41+00:00","dateModified":"2024-12-04T18:31:05+00:00","description":"Sycomp ofrece servicios profesionales de TI, como integraci\u00f3n global, managed services y consultor\u00eda de TI, para optimizar el rendimiento empresarial en todo el mundo.","breadcrumb":{"@id":"https:\/\/sycomp.com\/services\/#breadcrumb"},"inLanguage":"es","potentialAction":[{"@type":"ReadAction","target":["https:\/\/sycomp.com\/services\/"]}]},{"@type":"BreadcrumbList","@id":"https:\/\/sycomp.com\/services\/#breadcrumb","itemListElement":[{"@type":"ListItem","position":1,"name":"Home","item":"https:\/\/sycomp.com\/"},{"@type":"ListItem","position":2,"name":"Services"}]},{"@type":"WebSite","@id":"https:\/\/sycomp.com\/#website","url":"https:\/\/sycomp.com\/","name":"Sycomp Inc","description":"","potentialAction":[{"@type":"SearchAction","target":{"@type":"EntryPoint","urlTemplate":"https:\/\/sycomp.com\/?s={search_term_string}"},"query-input":{"@type":"PropertyValueSpecification","valueRequired":true,"valueName":"search_term_string"}}],"inLanguage":"es"}]}},"_links":{"self":[{"href":"https:\/\/sycomp.com\/es\/wp-json\/wp\/v2\/pages\/212","targetHints":{"allow":["GET"]}}],"collection":[{"href":"https:\/\/sycomp.com\/es\/wp-json\/wp\/v2\/pages"}],"about":[{"href":"https:\/\/sycomp.com\/es\/wp-json\/wp\/v2\/types\/page"}],"author":[{"embeddable":true,"href":"https:\/\/sycomp.com\/es\/wp-json\/wp\/v2\/users\/1"}],"replies":[{"embeddable":true,"href":"https:\/\/sycomp.com\/es\/wp-json\/wp\/v2\/comments?post=212"}],"version-history":[{"count":0,"href":"https:\/\/sycomp.com\/es\/wp-json\/wp\/v2\/pages\/212\/revisions"}],"wp:attachment":[{"href":"https:\/\/sycomp.com\/es\/wp-json\/wp\/v2\/media?parent=212"}],"curies":[{"name":"wp","href":"https:\/\/api.w.org\/{rel}","templated":true}]}}